{"id":36479,"date":"2024-10-02T15:23:34","date_gmt":"2024-10-02T12:23:34","guid":{"rendered":"https:\/\/parcavs.com\/?post_type=product&#038;p=36479"},"modified":"2025-04-03T01:00:01","modified_gmt":"2025-04-02T22:00:01","slug":"mitsubishi-heavy-inverter-klima-diamond-serisi-24000-btu-h-a-enerji-sinifi-zr-eco","status":"publish","type":"product","link":"https:\/\/parcavs.com\/index.php\/product\/mitsubishi-heavy-inverter-klima-diamond-serisi-24000-btu-h-a-enerji-sinifi-zr-eco\/","title":{"rendered":"Mitsubishi Heavy Inverter Klima Diamond Serisi 24000 BTU\/h A++ Enerji S\u0131n\u0131f\u0131 ZR-Eco"},"content":{"rendered":"<p>Mitsubishi Heavy SRK71ZR-Eco 24000 BTU Diamond Serisi<br \/>\nInverter Duvar Tipi Klima<br \/>\nKapasite\/ Is\u0131tma 27.296 (6.824 &#8211; 34.120) BTU\/h<br \/>\nKapasite\/ So\u011futma 24.225 (7.847 &#8211; 26.272) BTU\/h<br \/>\nSEER (Ortalama) 7.2<br \/>\nSCOP (Ortalama) 4.5<br \/>\nEnerji S\u0131n\u0131f\u0131\/ Is\u0131tma (Ortalama) A+<br \/>\nEnerji S\u0131n\u0131f\u0131\/ So\u011futma (Ortalama) A++<br \/>\nEnerji T\u00fcketimi\/ Is\u0131tma 2.06 kW<br \/>\nEnerji T\u00fcketimi\/ So\u011futma 2.05 kW<br \/>\n\u0130lk \u00c7al\u0131\u015fma Ak\u0131m\u0131 (220V\/230V\/240V) 9.6 \/ 9.1 \/ 8.8 A<br \/>\nMaksimum \u00c7al\u0131\u015fma Ak\u0131m\u0131 17 A<br \/>\nG\u00fc\u00e7 Kayna\u011f\u0131 220-240V, 1Ph, 50Hz V, Faz, Hz<br \/>\nHava Debisi\/ D\u0131\u015f \u00dcnite &#8211; Is\u0131tma 43.5 m3\/dak<br \/>\nHava Debisi\/ D\u0131\u015f \u00dcnite &#8211; So\u011futma 55 m3\/dak<br \/>\nHava Debisi\/ \u0130\u00e7 \u00dcnite &#8211; Is\u0131tma (Y\/O\/D\/\u00c7D) 25.5 \/ 19.8 \/ 17.3 \/ 13.3 m3\/dak<br \/>\nHava Debisi\/ \u0130\u00e7 \u00dcnite &#8211; So\u011futma (Y\/O\/D\/\u00c7D) 20.5 \/ 18.6 \/ 16.2 \/ 10.4 m3\/dak<br \/>\nSes Seviyesi\/ D\u0131\u015f \u00dcnite &#8211; Is\u0131tma 53 dB(A)<br \/>\nSes Seviyesi\/ D\u0131\u015f \u00dcnite &#8211; So\u011futma 51 dB(A)<br \/>\nSes Seviyesi\/ \u0130\u00e7 \u00dcnite &#8211; So\u011futma (Y\/O\/D\/\u00c7D) 44 \/ 41 \/ 37 \/ 25<br \/>\nSes Seviyesi\/ \u0130\u00e7 \u00dcnite &#8211; Is\u0131tma (Y\/O\/D\/\u00c7D) 46 \/ 39 \/ 35 \/ 28<br \/>\nBoyutlar (GxYxD)\/ D\u0131\u015f \u00dcnite 880(+88)x750x340 mm<br \/>\nBoyutlar (GxYxD)\/ \u0130\u00e7 \u00dcnite 1197x339x262 mm<br \/>\nNet A\u011f\u0131rl\u0131k\/ D\u0131\u015f \u00dcnite 57 kg<br \/>\nNet A\u011f\u0131rl\u0131k\/ \u0130\u00e7 \u00dcnite 15.5 kg<br \/>\nBa\u011flant\u0131 Boru \u00c7aplar\u0131\/ Gaz 15.88 (5\/8&#8243;) mm(inch)<br \/>\nBa\u011flant\u0131 Boru \u00c7aplar\u0131\/ S\u0131v\u0131 6.35 (1\/4&#8243;) mm(inch)<br \/>\nMaksimum Borulama Uzunlu\u011fu 30 m<br \/>\nMaksimum Kot Fark\u0131 20 m<br \/>\nRenk: Beyaz<br \/>\nFiyatlar\u0131m\u0131za KDV \u00fccreti dahildir<br \/>\nAd\u0131n\u0131za fatural\u0131 olarak g\u00f6nderilecektir.<br \/>\n\u00dccretsiz kargo ve \u00dccretsiz montaj<\/p>\n","protected":false},"excerpt":{"rendered":"<p>Mitsubishi Heavy SRK71ZR-Eco 24000 BTU Diamond Serisi<br \/>\nInverter Duvar Tipi Klima<br \/>\nKapasite\/ Is\u0131tma 27.296 (6.824 &#8211; 34.120) BTU\/h<br \/>\nKapasite\/ So\u011futma 24.225 (7.847 &#8211; 26.272) BTU\/h<br \/>\nSEER (Ortalama) 7.2<br \/>\nSCOP (Ortalama) 4.5<br \/>\nEnerji S\u0131n\u0131f\u0131\/ Is\u0131tma (Ortalama) A+<br \/>\nEnerji S\u0131n\u0131f\u0131\/ So\u011futma (Ortalama) A++<br \/>\nEnerji T\u00fcketimi\/ Is\u0131tma 2.06 kW<br \/>\nEnerji T\u00fcketimi\/ So\u011futma 2.05 kW<br \/>\n\u0130lk \u00c7al\u0131\u015fma Ak\u0131m\u0131 (220V\/230V\/240V) 9.6 \/ 9.1 \/ 8.8 A<br \/>\nMaksimum \u00c7al\u0131\u015fma Ak\u0131m\u0131 17 A<br \/>\nG\u00fc\u00e7 Kayna\u011f\u0131 220-240V, 1Ph, 50Hz V, Faz, Hz<br \/>\nHava Debisi\/ D\u0131\u015f \u00dcnite &#8211; Is\u0131tma 43.5 m3\/dak<br \/>\nHava Debisi\/ D\u0131\u015f \u00dcnite &#8211; So\u011futma 55 m3\/dak<br \/>\nHava Debisi\/ \u0130\u00e7 \u00dcnite &#8211; Is\u0131tma (Y\/O\/D\/\u00c7D) 25.5 \/ 19.8 \/ 17.3 \/ 13.3 m3\/dak<br \/>\nHava Debisi\/ \u0130\u00e7 \u00dcnite &#8211; So\u011futma (Y\/O\/D\/\u00c7D) 20.5 \/ 18.6 \/ 16.2 \/ 10.4 m3\/dak<br \/>\nSes Seviyesi\/ D\u0131\u015f \u00dcnite &#8211; Is\u0131tma 53 dB(A)<br \/>\nSes Seviyesi\/ D\u0131\u015f \u00dcnite &#8211; So\u011futma 51 dB(A)<br \/>\nSes Seviyesi\/ \u0130\u00e7 \u00dcnite &#8211; So\u011futma (Y\/O\/D\/\u00c7D) 44 \/ 41 \/ 37 \/ 25<br \/>\nSes Seviyesi\/ \u0130\u00e7 \u00dcnite &#8211; Is\u0131tma (Y\/O\/D\/\u00c7D) 46 \/ 39 \/ 35 \/ 28<br \/>\nBoyutlar (GxYxD)\/ D\u0131\u015f \u00dcnite 880(+88)x750x340 mm<br \/>\nBoyutlar (GxYxD)\/ \u0130\u00e7 \u00dcnite 1197x339x262 mm<br \/>\nNet A\u011f\u0131rl\u0131k\/ D\u0131\u015f \u00dcnite 57 kg<br \/>\nNet A\u011f\u0131rl\u0131k\/ \u0130\u00e7 \u00dcnite 15.5 kg<br \/>\nBa\u011flant\u0131 Boru \u00c7aplar\u0131\/ Gaz 15.88 (5\/8&#8243;) mm(inch)<br \/>\nBa\u011flant\u0131 Boru \u00c7aplar\u0131\/ S\u0131v\u0131 6.35 (1\/4&#8243;) mm(inch)<br \/>\nMaksimum Borulama Uzunlu\u011fu 30 m<br \/>\nMaksimum Kot Fark\u0131 20 m<br \/>\nRenk: Beyaz<br \/>\nFiyatlar\u0131m\u0131za KDV \u00fccreti dahildir<br \/>\nAd\u0131n\u0131za fatural\u0131 olarak g\u00f6nderilecektir.<br \/>\n\u00dccretsiz kargo ve \u00dccretsiz montaj<\/p>\n","protected":false},"featured_media":36480,"comment_status":"open","ping_status":"closed","template":"","meta":{"_monsterinsights_skip_tracking":false,"_monsterinsights_sitenote_active":false,"_monsterinsights_sitenote_note":"","_monsterinsights_sitenote_category":0},"product_brand":[],"product_cat":[40],"product_tag":[14922,2913,14924,14921,14923,14920],"class_list":{"0":"post-36479","1":"product","2":"type-product","3":"status-publish","4":"has-post-thumbnail","6":"product_cat-klima","7":"product_tag-14922","8":"product_tag-24000-btu","9":"product_tag-diamond-serisi","10":"product_tag-mitsubishi-heavy","11":"product_tag-mitsubishi-heavy-srk71zr-eco-24000-btu-diamond-serisi","12":"product_tag-srk71zr-eco","14":"first","15":"instock","16":"taxable","17":"shipping-taxable","18":"purchasable","19":"product-type-simple"},"_links":{"self":[{"href":"https:\/\/parcavs.com\/index.php\/wp-json\/wp\/v2\/product\/36479","targetHints":{"allow":["GET"]}}],"collection":[{"href":"https:\/\/parcavs.com\/index.php\/wp-json\/wp\/v2\/product"}],"about":[{"href":"https:\/\/parcavs.com\/index.php\/wp-json\/wp\/v2\/types\/product"}],"replies":[{"embeddable":true,"href":"https:\/\/parcavs.com\/index.php\/wp-json\/wp\/v2\/comments?post=36479"}],"version-history":[{"count":2,"href":"https:\/\/parcavs.com\/index.php\/wp-json\/wp\/v2\/product\/36479\/revisions"}],"predecessor-version":[{"id":36482,"href":"https:\/\/parcavs.com\/index.php\/wp-json\/wp\/v2\/product\/36479\/revisions\/36482"}],"wp:featuredmedia":[{"embeddable":true,"href":"https:\/\/parcavs.com\/index.php\/wp-json\/wp\/v2\/media\/36480"}],"wp:attachment":[{"href":"https:\/\/parcavs.com\/index.php\/wp-json\/wp\/v2\/media?parent=36479"}],"wp:term":[{"taxonomy":"product_brand","embeddable":true,"href":"https:\/\/parcavs.com\/index.php\/wp-json\/wp\/v2\/product_brand?post=36479"},{"taxonomy":"product_cat","embeddable":true,"href":"https:\/\/parcavs.com\/index.php\/wp-json\/wp\/v2\/product_cat?post=36479"},{"taxonomy":"product_tag","embeddable":true,"href":"https:\/\/parcavs.com\/index.php\/wp-json\/wp\/v2\/product_tag?post=36479"}],"curies":[{"name":"wp","href":"https:\/\/api.w.org\/{rel}","templated":true}]}}