{"id":36619,"date":"2024-10-10T10:39:52","date_gmt":"2024-10-10T07:39:52","guid":{"rendered":"https:\/\/parcavs.com\/?post_type=product&#038;p=36619"},"modified":"2025-04-11T00:00:05","modified_gmt":"2025-04-10T21:00:05","slug":"orjinal-dacia-duster-sandero-sinyal-ve-far-kolu-e1109558","status":"publish","type":"product","link":"https:\/\/parcavs.com\/index.php\/product\/orjinal-dacia-duster-sandero-sinyal-ve-far-kolu-e1109558\/","title":{"rendered":"Orjinal Dacia Duster Sandero Sinyal ve Far Kolu E1109558"},"content":{"rendered":"<p>E1109558 Orjinal Dacia Duster Sandero Sinyal ve Far Kolu<br \/>\nKol. Sinyal ve Far Dacia<br \/>\n%100 Orjinal Dacia Duster Sandero Yedek Par\u00e7a<br \/>\nFiyatlar\u0131m\u0131za KDV \u00fccreti dahildir<br \/>\nAd\u0131n\u0131za fatural\u0131 olarak g\u00f6nderilecektir.<br \/>\nKargo ta\u015f\u0131ma \u00fccreti al\u0131c\u0131ya aittir.<br \/>\nAnla\u015fmal\u0131 oldu\u011fumuz kargo firmas\u0131 arac\u0131l\u0131\u011f\u0131yla<br \/>\n\u00dccret al\u0131c\u0131 olarak taraf\u0131n\u0131za g\u00f6nderilecektir.<\/p>\n<p>&nbsp;<\/p>\n","protected":false},"excerpt":{"rendered":"<p><strong>E1109558<\/strong> Orjinal <strong>Dacia<\/strong> Duster Sandero <strong>Sinyal ve Far Kolu<\/strong><br \/>\n<strong>Kol. Sinyal ve Far<\/strong> Dacia<br \/>\n%100 <strong>Orjinal<\/strong> Dacia <strong>Duster Sandero<\/strong><br \/>\nFiyatlar\u0131m\u0131za <strong>KDV<\/strong> \u00fccreti dahildir<br \/>\nAd\u0131n\u0131za <strong>fatural\u0131<\/strong> olarak g\u00f6nderilecektir.<br \/>\n<strong>Kargo<\/strong> ta\u015f\u0131ma \u00fccreti <strong>al\u0131c\u0131ya<\/strong> aittir.<\/p>\n","protected":false},"featured_media":36620,"comment_status":"open","ping_status":"closed","template":"","meta":{"_monsterinsights_skip_tracking":false,"_monsterinsights_sitenote_active":false,"_monsterinsights_sitenote_note":"","_monsterinsights_sitenote_category":0},"product_brand":[],"product_cat":[15],"product_tag":[8219,15049,15053,15052,15050,15051],"class_list":{"0":"post-36619","1":"product","2":"type-product","3":"status-publish","4":"has-post-thumbnail","6":"product_cat-diger","7":"product_tag-dacia","8":"product_tag-duster","9":"product_tag-e1109558","10":"product_tag-kol-sinyal-ve-far","11":"product_tag-sandero","12":"product_tag-sinyal-ve-far-kolu","14":"first","15":"instock","16":"taxable","17":"shipping-taxable","18":"purchasable","19":"product-type-simple"},"_links":{"self":[{"href":"https:\/\/parcavs.com\/index.php\/wp-json\/wp\/v2\/product\/36619","targetHints":{"allow":["GET"]}}],"collection":[{"href":"https:\/\/parcavs.com\/index.php\/wp-json\/wp\/v2\/product"}],"about":[{"href":"https:\/\/parcavs.com\/index.php\/wp-json\/wp\/v2\/types\/product"}],"replies":[{"embeddable":true,"href":"https:\/\/parcavs.com\/index.php\/wp-json\/wp\/v2\/comments?post=36619"}],"version-history":[{"count":2,"href":"https:\/\/parcavs.com\/index.php\/wp-json\/wp\/v2\/product\/36619\/revisions"}],"predecessor-version":[{"id":36625,"href":"https:\/\/parcavs.com\/index.php\/wp-json\/wp\/v2\/product\/36619\/revisions\/36625"}],"wp:featuredmedia":[{"embeddable":true,"href":"https:\/\/parcavs.com\/index.php\/wp-json\/wp\/v2\/media\/36620"}],"wp:attachment":[{"href":"https:\/\/parcavs.com\/index.php\/wp-json\/wp\/v2\/media?parent=36619"}],"wp:term":[{"taxonomy":"product_brand","embeddable":true,"href":"https:\/\/parcavs.com\/index.php\/wp-json\/wp\/v2\/product_brand?post=36619"},{"taxonomy":"product_cat","embeddable":true,"href":"https:\/\/parcavs.com\/index.php\/wp-json\/wp\/v2\/product_cat?post=36619"},{"taxonomy":"product_tag","embeddable":true,"href":"https:\/\/parcavs.com\/index.php\/wp-json\/wp\/v2\/product_tag?post=36619"}],"curies":[{"name":"wp","href":"https:\/\/api.w.org\/{rel}","templated":true}]}}