{"id":37199,"date":"2024-11-11T12:35:37","date_gmt":"2024-11-11T10:35:37","guid":{"rendered":"https:\/\/parcavs.com\/?post_type=product&#038;p=37199"},"modified":"2025-05-12T00:00:02","modified_gmt":"2025-05-11T21:00:02","slug":"orjinal-audi-a6-3-0-tdi-v6-4f-c6-04-hava-filtresi-4f0133843c","status":"publish","type":"product","link":"https:\/\/parcavs.com\/index.php\/product\/orjinal-audi-a6-3-0-tdi-v6-4f-c6-04-hava-filtresi-4f0133843c\/","title":{"rendered":"Orjinal Audi A6 3.0 TDI V6 (4F\/C6) 04\/&#8211; Hava Filtresi 4F0133843C"},"content":{"rendered":"<p>4F0133843C Orjinal Audi A6 3.0 TDI V6 (4F\/C6) 04\/&#8211; Hava Filtresi<br \/>\nFiltre. Hava Audi<br \/>\n%100 Orjinal Audi A6 Yedek Par\u00e7a<br \/>\nFiyatlar\u0131m\u0131za KDV \u00fccreti dahildir<br \/>\nAd\u0131n\u0131za fatural\u0131 olarak g\u00f6nderilecektir.<br \/>\nKargo ta\u015f\u0131ma \u00fccreti al\u0131c\u0131ya aittir.<br \/>\nAnla\u015fmal\u0131 oldu\u011fumuz kargo firmas\u0131 arac\u0131l\u0131\u011f\u0131yla<br \/>\n\u00dccret al\u0131c\u0131 olarak taraf\u0131n\u0131za g\u00f6nderilecektir.<\/p>\n<p>&nbsp;<\/p>\n","protected":false},"excerpt":{"rendered":"<p><strong>4F0133843C<\/strong> Orjinal <strong>Audi<\/strong> A6 3.0 TDI V6 (4F\/C6) 04\/&#8211; <strong>Hava Filtresi<\/strong><br \/>\n<strong>Filtre. Hava<\/strong> Audi<br \/>\n%100 <strong>Orjinal<\/strong> Audi <strong>A6\u00a0<\/strong><br \/>\nFiyatlar\u0131m\u0131za <strong>KDV<\/strong> \u00fccreti dahildir<br \/>\nAd\u0131n\u0131za <strong>fatural\u0131<\/strong> olarak g\u00f6nderilecektir.<br \/>\n<strong>Kargo<\/strong> ta\u015f\u0131ma \u00fccreti <strong>al\u0131c\u0131ya<\/strong> aittir.<\/p>\n","protected":false},"featured_media":37202,"comment_status":"open","ping_status":"closed","template":"","meta":{"_monsterinsights_skip_tracking":false,"_monsterinsights_sitenote_active":false,"_monsterinsights_sitenote_note":"","_monsterinsights_sitenote_category":0},"product_brand":[],"product_cat":[16038],"product_tag":[16042,16039,16040,4555,16041,5199,1105],"class_list":{"0":"post-37199","1":"product","2":"type-product","3":"status-publish","4":"has-post-thumbnail","6":"product_cat-volkswagen-grubu","7":"product_tag-4f0133843c","8":"product_tag-a6","9":"product_tag-a6-3-0-tdi-v6","10":"product_tag-audi","11":"product_tag-audi-a6-3-0-tdi-v6","12":"product_tag-filtre-hava","13":"product_tag-hava-filtresi","15":"first","16":"instock","17":"taxable","18":"shipping-taxable","19":"purchasable","20":"product-type-simple"},"_links":{"self":[{"href":"https:\/\/parcavs.com\/index.php\/wp-json\/wp\/v2\/product\/37199","targetHints":{"allow":["GET"]}}],"collection":[{"href":"https:\/\/parcavs.com\/index.php\/wp-json\/wp\/v2\/product"}],"about":[{"href":"https:\/\/parcavs.com\/index.php\/wp-json\/wp\/v2\/types\/product"}],"replies":[{"embeddable":true,"href":"https:\/\/parcavs.com\/index.php\/wp-json\/wp\/v2\/comments?post=37199"}],"version-history":[{"count":1,"href":"https:\/\/parcavs.com\/index.php\/wp-json\/wp\/v2\/product\/37199\/revisions"}],"predecessor-version":[{"id":37203,"href":"https:\/\/parcavs.com\/index.php\/wp-json\/wp\/v2\/product\/37199\/revisions\/37203"}],"wp:featuredmedia":[{"embeddable":true,"href":"https:\/\/parcavs.com\/index.php\/wp-json\/wp\/v2\/media\/37202"}],"wp:attachment":[{"href":"https:\/\/parcavs.com\/index.php\/wp-json\/wp\/v2\/media?parent=37199"}],"wp:term":[{"taxonomy":"product_brand","embeddable":true,"href":"https:\/\/parcavs.com\/index.php\/wp-json\/wp\/v2\/product_brand?post=37199"},{"taxonomy":"product_cat","embeddable":true,"href":"https:\/\/parcavs.com\/index.php\/wp-json\/wp\/v2\/product_cat?post=37199"},{"taxonomy":"product_tag","embeddable":true,"href":"https:\/\/parcavs.com\/index.php\/wp-json\/wp\/v2\/product_tag?post=37199"}],"curies":[{"name":"wp","href":"https:\/\/api.w.org\/{rel}","templated":true}]}}