{"id":37350,"date":"2024-11-21T10:25:14","date_gmt":"2024-11-21T08:25:14","guid":{"rendered":"https:\/\/parcavs.com\/?post_type=product&#038;p=37350"},"modified":"2026-05-12T02:50:53","modified_gmt":"2026-05-11T23:50:53","slug":"volkswagen-crafter-06-15-mercedes-splinter-06-15-arka-fren-balatasi-55216","status":"publish","type":"product","link":"https:\/\/parcavs.com\/index.php\/product\/volkswagen-crafter-06-15-mercedes-splinter-06-15-arka-fren-balatasi-55216\/","title":{"rendered":"VolksWagen Crafter 06\/15 Mercedes Splinter 06\/15 Arka Fren Balatas\u0131 MGA55216"},"content":{"rendered":"<p>MGA55216 VolksWagen Crafter 06\/15 Mercedes Splinter 06\/15 Arka Fren Balatas\u0131<br \/>\nBalata. Arka Fren VolksWagen Mercedes A0044206920 2E0698451<br \/>\n\u00dcretici Firma: MGA 55216<br \/>\nFiyatlar\u0131m\u0131za KDV \u00fccreti dahildir<br \/>\nAd\u0131n\u0131za fatural\u0131 olarak g\u00f6nderilecektir.<br \/>\nKargo ta\u015f\u0131ma \u00fccreti al\u0131c\u0131ya aittir.<br \/>\nAnla\u015fmal\u0131 oldu\u011fumuz kargo firmas\u0131 arac\u0131l\u0131\u011f\u0131yla<br \/>\n\u00dccret al\u0131c\u0131 olarak taraf\u0131n\u0131za g\u00f6nderilecektir.<\/p>\n<p>&nbsp;<\/p>\n","protected":false},"excerpt":{"rendered":"<p><strong>MGA55216<\/strong> VolksWagen <strong>Crafter<\/strong> 06\/15 Mercedes <strong>Splinter<\/strong> 06\/15 <strong>Arka Fren Balatas\u0131<\/strong><br \/>\n<strong>Balata. Arka Fren<\/strong> VolksWagen <strong>Mercedes<\/strong> A0044206920 <strong>2E0698451<\/strong><br \/>\n\u00dcretici Firma: <strong>MGA 55216<\/strong><br \/>\nFiyatlar\u0131m\u0131za <strong>KDV<\/strong> \u00fccreti dahildir<br \/>\nAd\u0131n\u0131za <strong>fatural\u0131<\/strong> olarak g\u00f6nderilecektir.<br \/>\n<strong>Kargo<\/strong> ta\u015f\u0131ma \u00fccreti <strong>al\u0131c\u0131ya<\/strong> aittir.<\/p>\n","protected":false},"featured_media":37351,"comment_status":"open","ping_status":"closed","template":"","meta":{"_monsterinsights_skip_tracking":false,"_monsterinsights_sitenote_active":false,"_monsterinsights_sitenote_note":"","_monsterinsights_sitenote_category":0},"product_brand":[],"product_cat":[16038],"product_tag":[16187,16189,16186,1095,5032,16172,3228,16188,18396,16173,4219],"class_list":{"0":"post-37350","1":"product","2":"type-product","3":"status-publish","4":"has-post-thumbnail","6":"product_cat-volkswagen-grubu","7":"product_tag-16187","8":"product_tag-16189","9":"product_tag-a0044206920","10":"product_tag-arka-fren-balatasi","11":"product_tag-balata-arka-fren","12":"product_tag-crafter","13":"product_tag-mercedes","14":"product_tag-mga-55216","15":"product_tag-mga55216","16":"product_tag-splinter","17":"product_tag-volkswagen","19":"first","20":"instock","21":"taxable","22":"shipping-taxable","23":"purchasable","24":"product-type-simple"},"_links":{"self":[{"href":"https:\/\/parcavs.com\/index.php\/wp-json\/wp\/v2\/product\/37350","targetHints":{"allow":["GET"]}}],"collection":[{"href":"https:\/\/parcavs.com\/index.php\/wp-json\/wp\/v2\/product"}],"about":[{"href":"https:\/\/parcavs.com\/index.php\/wp-json\/wp\/v2\/types\/product"}],"replies":[{"embeddable":true,"href":"https:\/\/parcavs.com\/index.php\/wp-json\/wp\/v2\/comments?post=37350"}],"version-history":[{"count":2,"href":"https:\/\/parcavs.com\/index.php\/wp-json\/wp\/v2\/product\/37350\/revisions"}],"predecessor-version":[{"id":39735,"href":"https:\/\/parcavs.com\/index.php\/wp-json\/wp\/v2\/product\/37350\/revisions\/39735"}],"wp:featuredmedia":[{"embeddable":true,"href":"https:\/\/parcavs.com\/index.php\/wp-json\/wp\/v2\/media\/37351"}],"wp:attachment":[{"href":"https:\/\/parcavs.com\/index.php\/wp-json\/wp\/v2\/media?parent=37350"}],"wp:term":[{"taxonomy":"product_brand","embeddable":true,"href":"https:\/\/parcavs.com\/index.php\/wp-json\/wp\/v2\/product_brand?post=37350"},{"taxonomy":"product_cat","embeddable":true,"href":"https:\/\/parcavs.com\/index.php\/wp-json\/wp\/v2\/product_cat?post=37350"},{"taxonomy":"product_tag","embeddable":true,"href":"https:\/\/parcavs.com\/index.php\/wp-json\/wp\/v2\/product_tag?post=37350"}],"curies":[{"name":"wp","href":"https:\/\/api.w.org\/{rel}","templated":true}]}}