{"id":37609,"date":"2025-01-13T15:06:29","date_gmt":"2025-01-13T13:06:29","guid":{"rendered":"https:\/\/parcavs.com\/?post_type=product&#038;p=37609"},"modified":"2025-07-14T00:00:10","modified_gmt":"2025-07-13T21:00:10","slug":"2-el-polisaj-kecesi-ve-sungeri-temizleme-aparat-kece-taragi","status":"publish","type":"product","link":"https:\/\/parcavs.com\/index.php\/product\/2-el-polisaj-kecesi-ve-sungeri-temizleme-aparat-kece-taragi\/","title":{"rendered":"2.el Polisaj Ke\u00e7esi ve S\u00fcngeri Temizleme Aparat (Ke\u00e7e Tara\u011f\u0131)"},"content":{"rendered":"<p>2.el Polisaj Ke\u00e7esi ve S\u00fcngeri Temizleme Aparat (Ke\u00e7e Tara\u011f\u0131)<br \/>\nKe\u00e7e Tara\u011f\u0131 Ke\u00e7esi ve S\u00fcngeri Temizleme Aparat<br \/>\nFiyatlar\u0131m\u0131za KDV \u00fccreti dahildir<br \/>\nAd\u0131n\u0131za fatural\u0131 olarak g\u00f6nderilecektir.<br \/>\nKargo ta\u015f\u0131ma \u00fccreti al\u0131c\u0131ya aittir.<br \/>\nAnla\u015fmal\u0131 oldu\u011fumuz kargo firmas\u0131 arac\u0131l\u0131\u011f\u0131yla<br \/>\n\u00dccret al\u0131c\u0131 olarak taraf\u0131n\u0131za g\u00f6nderilecektir.<\/p>\n<p>&nbsp;<\/p>\n","protected":false},"excerpt":{"rendered":"<p>2.el Polisaj Ke\u00e7esi ve S\u00fcngeri Temizleme Aparat (Ke\u00e7e Tara\u011f\u0131)<br \/>\nKe\u00e7e Tara\u011f\u0131 Ke\u00e7esi ve S\u00fcngeri Temizleme Aparat<br \/>\nFiyatlar\u0131m\u0131za KDV \u00fccreti dahildir<br \/>\nAd\u0131n\u0131za fatural\u0131 olarak g\u00f6nderilecektir.<br \/>\nKargo ta\u015f\u0131ma \u00fccreti al\u0131c\u0131ya aittir.<\/p>\n","protected":false},"featured_media":37610,"comment_status":"open","ping_status":"closed","template":"","meta":{"_monsterinsights_skip_tracking":false,"_monsterinsights_sitenote_active":false,"_monsterinsights_sitenote_note":"","_monsterinsights_sitenote_category":0},"product_brand":[],"product_cat":[50,41],"product_tag":[16481,16484,16483,16482],"class_list":{"0":"post-37609","1":"product","2":"type-product","3":"status-publish","4":"has-post-thumbnail","6":"product_cat-aparat-ozel-takim","7":"product_cat-ikinci-el","8":"product_tag-kece-taragi","9":"product_tag-polisaj-kecesi","10":"product_tag-sungeri-temizleme-aparat","11":"product_tag-sungeri-temizleme-aparat-kece-taragi","13":"first","14":"instock","15":"taxable","16":"shipping-taxable","17":"purchasable","18":"product-type-simple"},"_links":{"self":[{"href":"https:\/\/parcavs.com\/index.php\/wp-json\/wp\/v2\/product\/37609","targetHints":{"allow":["GET"]}}],"collection":[{"href":"https:\/\/parcavs.com\/index.php\/wp-json\/wp\/v2\/product"}],"about":[{"href":"https:\/\/parcavs.com\/index.php\/wp-json\/wp\/v2\/types\/product"}],"replies":[{"embeddable":true,"href":"https:\/\/parcavs.com\/index.php\/wp-json\/wp\/v2\/comments?post=37609"}],"version-history":[{"count":1,"href":"https:\/\/parcavs.com\/index.php\/wp-json\/wp\/v2\/product\/37609\/revisions"}],"predecessor-version":[{"id":37611,"href":"https:\/\/parcavs.com\/index.php\/wp-json\/wp\/v2\/product\/37609\/revisions\/37611"}],"wp:featuredmedia":[{"embeddable":true,"href":"https:\/\/parcavs.com\/index.php\/wp-json\/wp\/v2\/media\/37610"}],"wp:attachment":[{"href":"https:\/\/parcavs.com\/index.php\/wp-json\/wp\/v2\/media?parent=37609"}],"wp:term":[{"taxonomy":"product_brand","embeddable":true,"href":"https:\/\/parcavs.com\/index.php\/wp-json\/wp\/v2\/product_brand?post=37609"},{"taxonomy":"product_cat","embeddable":true,"href":"https:\/\/parcavs.com\/index.php\/wp-json\/wp\/v2\/product_cat?post=37609"},{"taxonomy":"product_tag","embeddable":true,"href":"https:\/\/parcavs.com\/index.php\/wp-json\/wp\/v2\/product_tag?post=37609"}],"curies":[{"name":"wp","href":"https:\/\/api.w.org\/{rel}","templated":true}]}}