{"id":37867,"date":"2025-01-20T10:53:08","date_gmt":"2025-01-20T08:53:08","guid":{"rendered":"https:\/\/parcavs.com\/?post_type=product&#038;p=37867"},"modified":"2025-07-21T00:00:07","modified_gmt":"2025-07-20T21:00:07","slug":"mitsubishi-dizel-colt-v-kayis-gergi-rulmani-wagenburg","status":"publish","type":"product","link":"https:\/\/parcavs.com\/index.php\/product\/mitsubishi-dizel-colt-v-kayis-gergi-rulmani-wagenburg\/","title":{"rendered":"Mitsubishi Dizel Colt V Kay\u0131\u015f Gergi Rulman\u0131 Wagenburg"},"content":{"rendered":"<p>Wagenburg MC.913 Mitsubishi Colt Dizel V Kay\u0131\u015f Gergi Rulman\u0131<br \/>\nV Kay\u0131\u015f Gergi Rulman\u0131, Mitsubishi Colt, Wagenburg MC.913 700-A01<br \/>\n\u00dcretici Firma: Wagenburg MC.913 6682020419 700-A01<br \/>\nFiyatlar\u0131m\u0131za KDV \u00fccreti dahildir<br \/>\nAd\u0131n\u0131za fatural\u0131 olarak g\u00f6nderilecektir.<br \/>\nKargo ta\u015f\u0131ma \u00fccreti al\u0131c\u0131ya aittir.<br \/>\nAnla\u015fmal\u0131 oldu\u011fumuz kargo firmas\u0131 arac\u0131l\u0131\u011f\u0131yla<br \/>\n\u00dccret al\u0131c\u0131 olarak taraf\u0131n\u0131za g\u00f6nderilecektir.<\/p>\n<hr \/>\n<p><strong>Mitsubishi\u00a0 Markas\u0131 Hakk\u0131nda<\/strong><\/p>\n<p>Mitsubishi\u00a0 markas\u0131 1870 y\u0131l\u0131nda Yataro Iwasaki taraf\u0131ndan bir gemicilik firmas\u0131 olarak kuruldu. Mitsubishi markas\u0131n\u0131n otomotiv sekt\u00f6r\u00fcndeki hikayesi ise 1917 y\u0131l\u0131nda Mitsubishi gemi in\u015faat\u0131 alan\u0131nda faaliyet g\u00f6steren \u015firketin, ilk otomobil modeli olan Model-A\u2019y\u0131 \u00fcretmesi ile ba\u015flad\u0131. Devlet g\u00f6revlileri i\u00e7in l\u00fcks bir ara\u00e7 olarak tasarlanan Model-A,\u00a0 Japonya tarihindeki ilk seri olarak \u00fcretimi yap\u0131lan ara\u00e7t\u0131r.<\/p>\n<p>1934 y\u0131l\u0131nda Mitsubishi gemicilik firmas\u0131 ve u\u00e7ak sanayi firmas\u0131yla birle\u015ferek Mitsubishi Heavy Industries \u015firketini olu\u015fturdular. B\u00f6ylece gemi, u\u00e7ak ve otomobil \u00fcretimi ayn\u0131 firma \u00e7at\u0131 alt\u0131nda topland\u0131.<\/p>\n<p>Mitsubishi firmas\u0131 ilerleyen y\u0131llarda gayrimenkulden g\u0131da ve i\u00e7ece\u011fe, telekom\u00fcnikasyondan bankac\u0131l\u0131\u011fa kadar neredeyse her sekt\u00f6rde faaliyet g\u00f6steren \u00e7ok uluslu bir \u015firket halinde geldi. 2011 y\u0131l\u0131nda gelindi\u011finde Mitsubishi Motors, Japonyadaki en b\u00fcy\u00fck 6. ve d\u00fcnya genelindeki en b\u00fcy\u00fck 16. Otomotiv \u00fcreticisi haline geldi.<\/p>\n<p>Logosundaki \u00fc\u00e7 elmasla temsil edilen 3 de\u011ferli Japon erdemi\u00a0 olan g\u00fc\u00e7, b\u00fcy\u00fcme ve \u00fcst\u00fcnl\u00fck\u00a0 ta\u015f\u0131yan otomobiller \u00fcretme misyonu ana oda\u011f\u0131 olagelmi\u015ftir.<\/p>\n<p><strong>Mitsubishi\u00a0 T\u00fcrkiye Hakk\u0131nda<\/strong><\/p>\n<p>Mitsubishi Motors Cooperation,\u00a0 1984 y\u0131l\u0131ndan bu yanda T\u00fcrkiye ortakl\u0131\u011f\u0131n\u0131 Sabanc\u0131 gruba ait Tema Global A\u015e ile yapmaktad\u0131r. Temsa A\u015f, T\u00fcrkiye genelindeki 30 yetkili sat\u0131c\u0131s\u0131 ve 58 yetkili servisi ile Mitsubishi marka binek ve ticari ara\u00e7lar\u0131n sat\u0131\u015f, pazarlama, yedek par\u00e7a ve servis hizmetlerini y\u00fcr\u00fctmektedir.<\/p>\n<p><strong>Par\u00e7a Vesaire Hakk\u0131nda<\/strong><\/p>\n<p>Ba\u015fta IVECO, MAN, TATA, Mitsubishi, Subaru, HFK Kanuni, Karsan gibi markalar\u0131n orjinal ve yan sanayi par\u00e7alar\u0131n\u0131n ve \u0130klimsa klimalar\u0131n\u0131n T\u00fcrkiye genelinde online sat\u0131\u015f\u0131n\u0131n yap\u0131ld\u0131\u011f\u0131 bir al\u0131\u015fveri\u015f sitesi olarak 2021 y\u0131l\u0131nda faaliyetine ba\u015flam\u0131\u015ft\u0131r.<\/p>\n<p>\u0130lerleyen d\u00f6nemlerde di\u011fer otomotiv markalar\u0131n\u0131 ve otomotiv d\u0131\u015f\u0131 yedek par\u00e7a, makine,\u00a0ikince el sanayi \u00fcr\u00fcnleri ve servis aparatlar\u0131n\u0131 da ihtiva edecek \u015fekilde yap\u0131lanmay\u0131 hedeflemektedir. \u00d6nerileriniz ve i\u015fbirli\u011fi talepleriniz i\u00e7in bizimle irtibat kurabilirsiniz.<\/p>\n<p><strong>\u00d6zer Sigorta Hakk\u0131nda<\/strong><\/p>\n<p>\u00d6zer Sigorta Arac\u0131l\u0131k Hizmetleri Ltd. \u015eti, Hasan \u00d6zer Grup \u015firketlerine ba\u011fl\u0131 oto bayi acentesi olarak 1997 y\u0131l\u0131nda Trabzon\u2019da kurulmu\u015ftur. Kuruldu\u011fu y\u0131llarda sadece Aksigorta acentesi olarak Mitsubishi marka ticari ara\u00e7lar\u0131n sigorta ihtiya\u00e7lar\u0131n\u0131 kar\u015f\u0131lamakta idi.<\/p>\n<p>\u0130lerleyen y\u0131llarda grup \u015firketlerine di\u011fer bir\u00e7ok binek, ticari ve a\u011f\u0131r vas\u0131ta ara\u00e7 bayiliklerinin de eklenmesi ile acenteli\u011fi yap\u0131lan markalar da \u00e7e\u015fitlenmi\u015ftir. \u00d6zer Sigorta kuruldu\u011fu y\u0131llardan bug\u00fcne kadar b\u00fcy\u00fcyerek oto bayi d\u0131\u015f\u0131nda da ara\u00e7 yan\u0131nda di\u011fer sigorta bran\u015flar\u0131nda hizmet verebilen genel bir sigorta \u015firketi olarak yoluna devam etmi\u015ftir.<\/p>\n<p>Grup \u015firketlerinden Hasan \u00d6zer ve Ort. Kol. \u015eti. alt\u0131nda 2021 y\u0131l\u0131nda faaliyetine ba\u015flayan parcavs.com sitesinin resmi sponsoru olmu\u015ftur. Par\u00e7a sitesinden gelen sigorta m\u00fc\u015fterilerine yap\u0131lan te\u015fvik indirimini finanse etmektedir.<\/p>\n<p>2024 y\u0131l\u0131nda N\u00f6bet\u00e7i Sigortac\u0131l\u0131\u011f\u0131 da faaliyetlerine ekleyen \u00d6zer Sigorta art\u0131k mesai saatleri sonras\u0131nda da acil zorunlu trafik sigortas\u0131 hizmeti vermektedir. G\u00fcn\u00fcn her saati trafik sigortas\u0131 bulunmayan ara\u00e7lar\u0131n acil sigorta ihtiya\u00e7lar\u0131n\u0131 dakikalar i\u00e7inde h\u0131zl\u0131 teklif program\u0131 ile sorgulat\u0131p, m\u00fc\u015fteri onay\u0131 sonras\u0131 poli\u00e7ele\u015ftirebilmektedir.<\/p>\n<p>H\u0131zl\u0131 teklif program\u0131 ile k\u0131sa s\u00fcrede \u015firket kurumsal WhatsApp hatt\u0131na (0532 681 9582) ula\u015fan talepler dakikalar i\u00e7inde fiyatlan\u0131p teklif olarak g\u00f6nderilebilmektedir.<\/p>\n<p>\u00d6zer Sigorta Arac\u0131l\u0131k Hizmetleri Ltd. \u015eti, bug\u00fcn itibariyle Aksigorta, Allianz Sigorta, Ankara Sigorta, Hepiyi Sigorta, Do\u011fa Sigorta, Corpus Sigorta ve Mobil Assistance acentelikleri ile trafik, yang\u0131n ve sa\u011fl\u0131k sigorta bran\u015flar\u0131n da hizmet vermeye devam etmektedir.<\/p>\n","protected":false},"excerpt":{"rendered":"<p>Wagenburg MC.913 Mitsubishi Colt Dizel V Kay\u0131\u015f Gergi Rulman\u0131<br \/>\nV Kay\u0131\u015f Gergi Rulman\u0131, Mitsubishi Colt, Wagenburg MC.913 700-A01<br \/>\n\u00dcretici Firma: Wagenburg MC.913 6682020419 700-A01<br \/>\nFiyatlar\u0131m\u0131za KDV \u00fccreti dahildir<br \/>\nAd\u0131n\u0131za fatural\u0131 olarak g\u00f6nderilecektir.<br \/>\nKargo ta\u015f\u0131ma \u00fccreti al\u0131c\u0131ya aittir.<br \/>\nAnla\u015fmal\u0131 oldu\u011fumuz kargo firmas\u0131 arac\u0131l\u0131\u011f\u0131yla<br \/>\n\u00dccret al\u0131c\u0131 olarak taraf\u0131n\u0131za g\u00f6nderilecektir.<\/p>\n<p>&nbsp;<\/p>\n","protected":false},"featured_media":37870,"comment_status":"open","ping_status":"closed","template":"","meta":{"_monsterinsights_skip_tracking":false,"_monsterinsights_sitenote_active":false,"_monsterinsights_sitenote_note":"","_monsterinsights_sitenote_category":0},"product_brand":[],"product_cat":[43],"product_tag":[16761,16762,16760,16763],"class_list":{"0":"post-37867","1":"product","2":"type-product","3":"status-publish","4":"has-post-thumbnail","6":"product_cat-mitsubishi-yedek-parca","7":"product_tag-colt-v-kayis-gergi-rulmani","8":"product_tag-mitsubishi-colt-v-kayis-gergi-rulmani","9":"product_tag-v-kayis-gergi-rulmani","10":"product_tag-wagenburg-v-kayis-gergi-rulmani","12":"first","13":"instock","14":"taxable","15":"shipping-taxable","16":"purchasable","17":"product-type-simple"},"_links":{"self":[{"href":"https:\/\/parcavs.com\/index.php\/wp-json\/wp\/v2\/product\/37867","targetHints":{"allow":["GET"]}}],"collection":[{"href":"https:\/\/parcavs.com\/index.php\/wp-json\/wp\/v2\/product"}],"about":[{"href":"https:\/\/parcavs.com\/index.php\/wp-json\/wp\/v2\/types\/product"}],"replies":[{"embeddable":true,"href":"https:\/\/parcavs.com\/index.php\/wp-json\/wp\/v2\/comments?post=37867"}],"version-history":[{"count":1,"href":"https:\/\/parcavs.com\/index.php\/wp-json\/wp\/v2\/product\/37867\/revisions"}],"predecessor-version":[{"id":37871,"href":"https:\/\/parcavs.com\/index.php\/wp-json\/wp\/v2\/product\/37867\/revisions\/37871"}],"wp:featuredmedia":[{"embeddable":true,"href":"https:\/\/parcavs.com\/index.php\/wp-json\/wp\/v2\/media\/37870"}],"wp:attachment":[{"href":"https:\/\/parcavs.com\/index.php\/wp-json\/wp\/v2\/media?parent=37867"}],"wp:term":[{"taxonomy":"product_brand","embeddable":true,"href":"https:\/\/parcavs.com\/index.php\/wp-json\/wp\/v2\/product_brand?post=37867"},{"taxonomy":"product_cat","embeddable":true,"href":"https:\/\/parcavs.com\/index.php\/wp-json\/wp\/v2\/product_cat?post=37867"},{"taxonomy":"product_tag","embeddable":true,"href":"https:\/\/parcavs.com\/index.php\/wp-json\/wp\/v2\/product_tag?post=37867"}],"curies":[{"name":"wp","href":"https:\/\/api.w.org\/{rel}","templated":true}]}}