{"id":38929,"date":"2025-02-14T13:05:44","date_gmt":"2025-02-14T11:05:44","guid":{"rendered":"https:\/\/parcavs.com\/?post_type=product&#038;p=38929"},"modified":"2025-08-22T00:00:23","modified_gmt":"2025-08-21T21:00:23","slug":"altas-27x32-duz-yildiz-anahtar-2-el","status":"publish","type":"product","link":"https:\/\/parcavs.com\/index.php\/product\/altas-27x32-duz-yildiz-anahtar-2-el\/","title":{"rendered":"Alta\u015f 27&#215;32 D\u00fcz Y\u0131ld\u0131z Anahtar 2.El"},"content":{"rendered":"<p>Alta\u015f 27&#215;32 D\u00fcz Y\u0131ld\u0131z Anahtar 2.El<br \/>\n\u0130kinci El Alta\u015f 27&#215;32 D\u00fcz Y\u0131ld\u0131z Anahtar<br \/>\nChrom Vanadium \u00c7elik Alta\u015f No:A4 27&#215;32 TS 3794 Gr-V<br \/>\nFiyatlar\u0131m\u0131za KDV \u00fccreti dahildir<br \/>\nAd\u0131n\u0131za fatural\u0131 olarak g\u00f6nderilecektir.<br \/>\nKargo ta\u015f\u0131ma \u00fccreti al\u0131c\u0131ya aittir.<br \/>\nAnla\u015fmal\u0131 oldu\u011fumuz kargo firmas\u0131 arac\u0131l\u0131\u011f\u0131yla<br \/>\n\u00dccret al\u0131c\u0131 olarak taraf\u0131n\u0131za g\u00f6nderilecektir.<\/p>\n<hr \/>\n<p><strong>Par\u00e7a Vesaire Hakk\u0131nda<\/strong><\/p>\n<p>Ba\u015fta IVECO, MAN, TATA, Mitsubishi, Subaru, HFK Kanuni, Karsan gibi markalar\u0131n orjinal ve yan sanayi par\u00e7alar\u0131n\u0131n ve \u0130klimsa klimalar\u0131n\u0131n T\u00fcrkiye genelinde online sat\u0131\u015f\u0131n\u0131n yap\u0131ld\u0131\u011f\u0131 bir al\u0131\u015fveri\u015f sitesi olarak 2021 y\u0131l\u0131nda faaliyetine ba\u015flam\u0131\u015ft\u0131r.<\/p>\n<p>\u0130lerleyen d\u00f6nemlerde di\u011fer otomotiv markalar\u0131n\u0131 ve otomotiv d\u0131\u015f\u0131 yedek par\u00e7a, makine,\u00a0ikince el sanayi \u00fcr\u00fcnleri ve servis aparatlar\u0131n\u0131 da ihtiva edecek \u015fekilde yap\u0131lanmay\u0131 hedeflemektedir. \u00d6nerileriniz ve i\u015fbirli\u011fi talepleriniz i\u00e7in bizimle irtibat kurabilirsiniz.<\/p>\n<p><strong>\u00d6zer Sigorta Hakk\u0131nda<\/strong><\/p>\n<p>\u00d6zer Sigorta Arac\u0131l\u0131k Hizmetleri Ltd. \u015eti, Hasan \u00d6zer Grup \u015firketlerine ba\u011fl\u0131 oto bayi acentesi olarak 1997 y\u0131l\u0131nda Trabzon\u2019da kurulmu\u015ftur. Kuruldu\u011fu y\u0131llarda sadece Aksigorta acentesi olarak Mitsubishi marka ticari ara\u00e7lar\u0131n sigorta ihtiya\u00e7lar\u0131n\u0131 kar\u015f\u0131lamakta idi.<\/p>\n<p>\u0130lerleyen y\u0131llarda grup \u015firketlerine di\u011fer bir\u00e7ok binek, ticari ve a\u011f\u0131r vas\u0131ta ara\u00e7 bayiliklerinin de eklenmesi ile acenteli\u011fi yap\u0131lan markalar da \u00e7e\u015fitlenmi\u015ftir. \u00d6zer Sigorta kuruldu\u011fu y\u0131llardan bug\u00fcne kadar b\u00fcy\u00fcyerek oto bayi d\u0131\u015f\u0131nda da ara\u00e7 yan\u0131nda di\u011fer sigorta bran\u015flar\u0131nda hizmet verebilen genel bir sigorta \u015firketi olarak yoluna devam etmi\u015ftir.<\/p>\n","protected":false},"excerpt":{"rendered":"<p><strong>Alta\u015f<\/strong> 27&#215;32 <strong>D\u00fcz Y\u0131ld\u0131z Anahtar<\/strong> 2.El<br \/>\n<strong>\u0130kinci El<\/strong> Alta\u015f<strong> 27&#215;32<\/strong> D\u00fcz Y\u0131ld\u0131z Anahtar<br \/>\n<strong>Chrom Vanadium<\/strong> <strong>\u00c7elik<\/strong> Alta\u015f No:A4\u00a0 TS 3794 Gr-V<br \/>\nFiyatlar\u0131m\u0131za <strong>KDV<\/strong> \u00fccreti dahildir<br \/>\nAd\u0131n\u0131za <strong>fatural\u0131<\/strong> olarak g\u00f6nderilecektir.<br \/>\n<strong>Kargo<\/strong> ta\u015f\u0131ma \u00fccreti <strong>al\u0131c\u0131ya<\/strong> aittir.<\/p>\n","protected":false},"featured_media":38930,"comment_status":"open","ping_status":"closed","template":"","meta":{"_monsterinsights_skip_tracking":false,"_monsterinsights_sitenote_active":false,"_monsterinsights_sitenote_note":"","_monsterinsights_sitenote_category":0},"product_brand":[],"product_cat":[50],"product_tag":[17760,17762,17758,17759,17761],"class_list":{"0":"post-38929","1":"product","2":"type-product","3":"status-publish","4":"has-post-thumbnail","6":"product_cat-aparat-ozel-takim","7":"product_tag-2-el-27x32-duz-yildiz-anahtar","8":"product_tag-27x32-duz-yildiz-anahtar","9":"product_tag-27x32-duz-yildiz-anahtar-2-el","10":"product_tag-27x32-duz-yildiz-anahtar-ikinci-el","11":"product_tag-ikinci-el-27x32-duz-yildiz-anahtar","13":"first","14":"instock","15":"taxable","16":"shipping-taxable","17":"purchasable","18":"product-type-simple"},"_links":{"self":[{"href":"https:\/\/parcavs.com\/index.php\/wp-json\/wp\/v2\/product\/38929","targetHints":{"allow":["GET"]}}],"collection":[{"href":"https:\/\/parcavs.com\/index.php\/wp-json\/wp\/v2\/product"}],"about":[{"href":"https:\/\/parcavs.com\/index.php\/wp-json\/wp\/v2\/types\/product"}],"replies":[{"embeddable":true,"href":"https:\/\/parcavs.com\/index.php\/wp-json\/wp\/v2\/comments?post=38929"}],"version-history":[{"count":1,"href":"https:\/\/parcavs.com\/index.php\/wp-json\/wp\/v2\/product\/38929\/revisions"}],"predecessor-version":[{"id":38931,"href":"https:\/\/parcavs.com\/index.php\/wp-json\/wp\/v2\/product\/38929\/revisions\/38931"}],"wp:featuredmedia":[{"embeddable":true,"href":"https:\/\/parcavs.com\/index.php\/wp-json\/wp\/v2\/media\/38930"}],"wp:attachment":[{"href":"https:\/\/parcavs.com\/index.php\/wp-json\/wp\/v2\/media?parent=38929"}],"wp:term":[{"taxonomy":"product_brand","embeddable":true,"href":"https:\/\/parcavs.com\/index.php\/wp-json\/wp\/v2\/product_brand?post=38929"},{"taxonomy":"product_cat","embeddable":true,"href":"https:\/\/parcavs.com\/index.php\/wp-json\/wp\/v2\/product_cat?post=38929"},{"taxonomy":"product_tag","embeddable":true,"href":"https:\/\/parcavs.com\/index.php\/wp-json\/wp\/v2\/product_tag?post=38929"}],"curies":[{"name":"wp","href":"https:\/\/api.w.org\/{rel}","templated":true}]}}