{"id":39492,"date":"2025-05-13T15:31:16","date_gmt":"2025-05-13T12:31:16","guid":{"rendered":"https:\/\/parcavs.com\/?post_type=product&#038;p=39492"},"modified":"2025-11-14T23:52:02","modified_gmt":"2025-11-14T21:52:02","slug":"hankook-winter-icept-evo3-w330-215-50r18-92v-4-adet","status":"publish","type":"product","link":"https:\/\/parcavs.com\/index.php\/product\/hankook-winter-icept-evo3-w330-215-50r18-92v-4-adet\/","title":{"rendered":"Hankook Winter i&#8217;cept evo3 W330 215\/50R18 92V 4 Adet"},"content":{"rendered":"<p>Hankook Winter i&#8217;cept evo3 W330 215\/50R18 92V 4 Adet<br \/>\n<span class=\"feature-name\">Marka : <\/span><span class=\"feature-value\">Hankook<\/span><br \/>\n<span class=\"feature-name\">T\u00fcr\u00a0 \u00a0 \u00a0 \u00a0: <\/span><span class=\"feature-value\">4X4 Pickup &amp; Suv<\/span><br \/>\n<span class=\"feature-name\">Ebat\/Boyut\u00a0 :\u00a0 <\/span><span class=\"feature-value\">215 \/ 50 \/ 18<br \/>\n<span class=\"feature-name\">H\u0131z Endeksi\u00a0 : <\/span>V<br \/>\n<span class=\"feature-name\">Kullan\u0131m\u00a0 \u00a0 \u00a0 \u00a0: <\/span>K\u0131\u015f<br \/>\nNot: Sadece 1 k\u0131\u015f kullan\u0131ld\u0131. 2000-2500 km uzun yolda kullan\u0131lm\u0131\u015f s\u0131f\u0131r ayar\u0131nda k\u0131\u015fl\u0131k lastik tak\u0131m\u0131.<br \/>\n<\/span>&#8212;&#8212;&#8212;&#8212;&#8212;&#8212;&#8212;&#8212;&#8212;&#8212;&#8212;&#8212;&#8212;&#8212;&#8212;&#8212;&#8212;&#8212;&#8212;&#8212;&#8212;&#8212;&#8212;&#8212;&#8212;&#8212;&#8212;&#8212;&#8212;&#8212;&#8212;&#8212;&#8212;&#8212;&#8212;&#8212;&#8212;&#8212;&#8212;&#8212;&#8212;&#8212;&#8212;&#8212;&#8212;&#8212;&#8212;&#8212;&#8212;&#8212;&#8212;&#8212;&#8212;&#8212;&#8212;&#8212;&#8212;&#8212;&#8212;&#8212;&#8212;&#8212;&#8212;&#8212;&#8212;&#8212;&#8211;<\/p>\n<p><strong>Par\u00e7a Vesaire Hakk\u0131nda<\/strong><\/p>\n<p>Ba\u015fta IVECO, MAN, TATA, Mitsubishi, Subaru, HFK Kanuni, Karsan gibi markalar\u0131n orjinal ve yan sanayi par\u00e7alar\u0131n\u0131n ve \u0130klimsa klimalar\u0131n\u0131n T\u00fcrkiye genelinde online sat\u0131\u015f\u0131n\u0131n yap\u0131ld\u0131\u011f\u0131 bir al\u0131\u015fveri\u015f sitesi olarak 2021 y\u0131l\u0131nda faaliyetine ba\u015flam\u0131\u015ft\u0131r.<\/p>\n<p>\u0130lerleyen d\u00f6nemlerde di\u011fer otomotiv markalar\u0131n\u0131 ve otomotiv d\u0131\u015f\u0131 yedek par\u00e7a, makine,\u00a0ikince el sanayi \u00fcr\u00fcnleri ve servis aparatlar\u0131n\u0131 da ihtiva edecek \u015fekilde yap\u0131lanmay\u0131 hedeflemektedir. \u00d6nerileriniz ve i\u015fbirli\u011fi talepleriniz i\u00e7in bizimle irtibat kurabilirsiniz.<\/p>\n","protected":false},"excerpt":{"rendered":"<p><strong>Hankook<\/strong> Winter i&#8217;cept <strong>evo3<\/strong> W330 <strong>215\/50R18 92V<\/strong> 4 Adet<br \/>\n<span class=\"feature-name\">Marka : <\/span><strong><span class=\"feature-value\">Hankook<\/span><\/strong><br \/>\n<span class=\"feature-name\">T\u00fcr\u00a0 \u00a0 \u00a0 \u00a0: <\/span><span class=\"feature-value\"><strong>4X4<\/strong>\u00a0Pickup &amp; Suv<\/span><br \/>\n<span class=\"feature-name\">Ebat\/Boyut\u00a0 :\u00a0 <\/span><span class=\"feature-value\"><strong>215 \/ 50 \/ 18<\/strong><br \/>\n<span class=\"feature-name\">H\u0131z Endeksi\u00a0 : <\/span>V<br \/>\n<span class=\"feature-name\">Kullan\u0131m\u00a0 \u00a0 \u00a0 \u00a0: <\/span><strong>K\u0131\u015f<br \/>\nNot: Sadece 1 k\u0131\u015f kullan\u0131ld\u0131. 2000-2500 km uzun yolda kullan\u0131lm\u0131\u015f s\u0131f\u0131r ayar\u0131nda k\u0131\u015fl\u0131k lastik tak\u0131m\u0131.<\/p>\n<p><\/strong><\/span><\/p>\n","protected":false},"featured_media":39493,"comment_status":"open","ping_status":"closed","template":"","meta":{"_monsterinsights_skip_tracking":false,"_monsterinsights_sitenote_active":false,"_monsterinsights_sitenote_note":"","_monsterinsights_sitenote_category":0},"product_brand":[],"product_cat":[15,41],"product_tag":[18250,18251,18248,18249],"class_list":{"0":"post-39492","1":"product","2":"type-product","3":"status-publish","4":"has-post-thumbnail","6":"product_cat-diger","7":"product_cat-ikinci-el","8":"product_tag-215-50-18","9":"product_tag-4x4-pickup-suv","10":"product_tag-hankook","11":"product_tag-winter-icept-evo3-w330-215-50r18-92v","13":"first","14":"instock","15":"taxable","16":"shipping-taxable","17":"purchasable","18":"product-type-simple"},"_links":{"self":[{"href":"https:\/\/parcavs.com\/index.php\/wp-json\/wp\/v2\/product\/39492","targetHints":{"allow":["GET"]}}],"collection":[{"href":"https:\/\/parcavs.com\/index.php\/wp-json\/wp\/v2\/product"}],"about":[{"href":"https:\/\/parcavs.com\/index.php\/wp-json\/wp\/v2\/types\/product"}],"replies":[{"embeddable":true,"href":"https:\/\/parcavs.com\/index.php\/wp-json\/wp\/v2\/comments?post=39492"}],"version-history":[{"count":1,"href":"https:\/\/parcavs.com\/index.php\/wp-json\/wp\/v2\/product\/39492\/revisions"}],"predecessor-version":[{"id":39498,"href":"https:\/\/parcavs.com\/index.php\/wp-json\/wp\/v2\/product\/39492\/revisions\/39498"}],"wp:featuredmedia":[{"embeddable":true,"href":"https:\/\/parcavs.com\/index.php\/wp-json\/wp\/v2\/media\/39493"}],"wp:attachment":[{"href":"https:\/\/parcavs.com\/index.php\/wp-json\/wp\/v2\/media?parent=39492"}],"wp:term":[{"taxonomy":"product_brand","embeddable":true,"href":"https:\/\/parcavs.com\/index.php\/wp-json\/wp\/v2\/product_brand?post=39492"},{"taxonomy":"product_cat","embeddable":true,"href":"https:\/\/parcavs.com\/index.php\/wp-json\/wp\/v2\/product_cat?post=39492"},{"taxonomy":"product_tag","embeddable":true,"href":"https:\/\/parcavs.com\/index.php\/wp-json\/wp\/v2\/product_tag?post=39492"}],"curies":[{"name":"wp","href":"https:\/\/api.w.org\/{rel}","templated":true}]}}