{"id":4049,"date":"2021-06-12T17:18:34","date_gmt":"2021-06-12T14:18:34","guid":{"rendered":"https:\/\/parcavs.com\/?post_type=product&#038;p=4049"},"modified":"2025-04-17T00:00:25","modified_gmt":"2025-04-16T21:00:25","slug":"orjinal-iveco-daily-tapa-3802830","status":"publish","type":"product","link":"https:\/\/parcavs.com\/index.php\/product\/orjinal-iveco-daily-tapa-3802830\/","title":{"rendered":"Orjinal IVECO Daily Tapa (3802830)"},"content":{"rendered":"","protected":false},"excerpt":{"rendered":"<p>3802830-Orjinal IVECO Daily Tapa<br \/>\nTapa, 50 C 15 VAN 4100 N ID F ID FL 50 C 15 VAN 4100 N<br \/>\n%100 Orjinal IVECO Daily Tapa<br \/>\nOrjinal IVECO ambalaj\u0131nda g\u00f6nderilecektir.<br \/>\nFiyatlar\u0131m\u0131z KDV ve kargo g\u00f6nderim \u00fccreti dahildir.<\/p>\n","protected":false},"featured_media":4050,"comment_status":"open","ping_status":"closed","template":"","meta":{"_monsterinsights_skip_tracking":false,"_monsterinsights_sitenote_active":false,"_monsterinsights_sitenote_note":"","_monsterinsights_sitenote_category":0},"product_brand":[],"product_cat":[46],"product_tag":[58,51,186],"class_list":{"0":"post-4049","1":"product","2":"type-product","3":"status-publish","4":"has-post-thumbnail","6":"product_cat-iveco-yedek-parca","7":"product_tag-daily","8":"product_tag-iveco","9":"product_tag-tapa","11":"first","12":"instock","13":"taxable","14":"shipping-taxable","15":"purchasable","16":"product-type-simple"},"_links":{"self":[{"href":"https:\/\/parcavs.com\/index.php\/wp-json\/wp\/v2\/product\/4049","targetHints":{"allow":["GET"]}}],"collection":[{"href":"https:\/\/parcavs.com\/index.php\/wp-json\/wp\/v2\/product"}],"about":[{"href":"https:\/\/parcavs.com\/index.php\/wp-json\/wp\/v2\/types\/product"}],"replies":[{"embeddable":true,"href":"https:\/\/parcavs.com\/index.php\/wp-json\/wp\/v2\/comments?post=4049"}],"version-history":[{"count":1,"href":"https:\/\/parcavs.com\/index.php\/wp-json\/wp\/v2\/product\/4049\/revisions"}],"predecessor-version":[{"id":4051,"href":"https:\/\/parcavs.com\/index.php\/wp-json\/wp\/v2\/product\/4049\/revisions\/4051"}],"wp:featuredmedia":[{"embeddable":true,"href":"https:\/\/parcavs.com\/index.php\/wp-json\/wp\/v2\/media\/4050"}],"wp:attachment":[{"href":"https:\/\/parcavs.com\/index.php\/wp-json\/wp\/v2\/media?parent=4049"}],"wp:term":[{"taxonomy":"product_brand","embeddable":true,"href":"https:\/\/parcavs.com\/index.php\/wp-json\/wp\/v2\/product_brand?post=4049"},{"taxonomy":"product_cat","embeddable":true,"href":"https:\/\/parcavs.com\/index.php\/wp-json\/wp\/v2\/product_cat?post=4049"},{"taxonomy":"product_tag","embeddable":true,"href":"https:\/\/parcavs.com\/index.php\/wp-json\/wp\/v2\/product_tag?post=4049"}],"curies":[{"name":"wp","href":"https:\/\/api.w.org\/{rel}","templated":true}]}}