{"id":4249,"date":"2021-07-02T13:56:47","date_gmt":"2021-07-02T10:56:47","guid":{"rendered":"https:\/\/parcavs.com\/?post_type=product&#038;p=4249"},"modified":"2025-04-11T00:00:06","modified_gmt":"2025-04-10T21:00:06","slug":"orjinal-iveco-daily-kalorifer-hava-giris-kanali-5801681866","status":"publish","type":"product","link":"https:\/\/parcavs.com\/index.php\/product\/orjinal-iveco-daily-kalorifer-hava-giris-kanali-5801681866\/","title":{"rendered":"Orjinal IVECO Daily Kalorifer Hava Giri\u015f Kanal\u0131 (5801681866)"},"content":{"rendered":"<p>5801681866-IVECO Daily Kalorifer Hava Giri\u015f Kanal\u0131<br \/>\n%100 Orjinal IVECO Yedek Par\u00e7a<br \/>\nOrjinal IVECO ambalaj\u0131nda g\u00f6nderilecektir.<br \/>\n\u00dccretsiz kargo ve ad\u0131n\u0131za fatural\u0131 olarak g\u00f6nderilecektir.<\/p>\n","protected":false},"excerpt":{"rendered":"<p>5801681866-IVECO Daily Kalorifer Hava Giri\u015f Kanal\u0131<br \/>\nKanal, Kalorifer Hava Giri\u015f (2014) ID F 35 C 15 CC 3750 2.3Lt ID FL 35 C 15 CC 3750 2.3Lt N<br \/>\n%100 Orjinal IVECO Daily Kalorifer Hava Giri\u015f Kanal\u0131<br \/>\nOrjinal IVECO ambalaj\u0131nda g\u00f6nderilecektir.<br \/>\nFiyatlar\u0131m\u0131z KDV ve kargo g\u00f6nderim \u00fccreti dahildir.<\/p>\n","protected":false},"featured_media":4357,"comment_status":"open","ping_status":"closed","template":"","meta":{"_monsterinsights_skip_tracking":false,"_monsterinsights_sitenote_active":false,"_monsterinsights_sitenote_note":"","_monsterinsights_sitenote_category":0},"product_brand":[],"product_cat":[46],"product_tag":[15069,58,51,692],"class_list":{"0":"post-4249","1":"product","2":"type-product","3":"status-publish","4":"has-post-thumbnail","6":"product_cat-iveco-yedek-parca","7":"product_tag-15069","8":"product_tag-daily","9":"product_tag-iveco","10":"product_tag-kalorifer-hava-giris-kanali","12":"first","13":"instock","14":"taxable","15":"shipping-taxable","16":"purchasable","17":"product-type-simple"},"_links":{"self":[{"href":"https:\/\/parcavs.com\/index.php\/wp-json\/wp\/v2\/product\/4249","targetHints":{"allow":["GET"]}}],"collection":[{"href":"https:\/\/parcavs.com\/index.php\/wp-json\/wp\/v2\/product"}],"about":[{"href":"https:\/\/parcavs.com\/index.php\/wp-json\/wp\/v2\/types\/product"}],"replies":[{"embeddable":true,"href":"https:\/\/parcavs.com\/index.php\/wp-json\/wp\/v2\/comments?post=4249"}],"version-history":[{"count":1,"href":"https:\/\/parcavs.com\/index.php\/wp-json\/wp\/v2\/product\/4249\/revisions"}],"predecessor-version":[{"id":4250,"href":"https:\/\/parcavs.com\/index.php\/wp-json\/wp\/v2\/product\/4249\/revisions\/4250"}],"wp:featuredmedia":[{"embeddable":true,"href":"https:\/\/parcavs.com\/index.php\/wp-json\/wp\/v2\/media\/4357"}],"wp:attachment":[{"href":"https:\/\/parcavs.com\/index.php\/wp-json\/wp\/v2\/media?parent=4249"}],"wp:term":[{"taxonomy":"product_brand","embeddable":true,"href":"https:\/\/parcavs.com\/index.php\/wp-json\/wp\/v2\/product_brand?post=4249"},{"taxonomy":"product_cat","embeddable":true,"href":"https:\/\/parcavs.com\/index.php\/wp-json\/wp\/v2\/product_cat?post=4249"},{"taxonomy":"product_tag","embeddable":true,"href":"https:\/\/parcavs.com\/index.php\/wp-json\/wp\/v2\/product_tag?post=4249"}],"curies":[{"name":"wp","href":"https:\/\/api.w.org\/{rel}","templated":true}]}}