{"id":4392,"date":"2021-07-14T14:07:56","date_gmt":"2021-07-14T11:07:56","guid":{"rendered":"https:\/\/parcavs.com\/?post_type=product&#038;p=4392"},"modified":"2025-10-21T14:42:48","modified_gmt":"2025-10-21T11:42:48","slug":"orjinal-iveco-daily-arka-kapi-alt-mentese-sag-sol-5801528686","status":"publish","type":"product","link":"https:\/\/parcavs.com\/index.php\/product\/orjinal-iveco-daily-arka-kapi-alt-mentese-sag-sol-5801528686\/","title":{"rendered":"Orjinal IVECO Daily Arka Kap\u0131 Alt Mente\u015fe Sa\u011f\/Sol (5801528686)"},"content":{"rendered":"<p>5801528686 &#8211; Orjinal IVECO Daily Arka Kap\u0131 Alt Sa\u011f\/Sol Mente\u015fe<br \/>\n%100 Orjinal IVECO Yedek Par\u00e7a<br \/>\nOrjinal IVECO ambalaj\u0131nda g\u00f6nderilecektir.<br \/>\nFiyatlar\u0131m\u0131za KDV \u00fccreti dahildir.<br \/>\nAd\u0131n\u0131za fatural\u0131 olarak g\u00f6nderilecektir.<br \/>\nKargo ta\u015f\u0131ma \u00fccreti al\u0131c\u0131ya aittir.<br \/>\nAnla\u015fmal\u0131 oldu\u011fumuz kargo firmas\u0131 arac\u0131l\u0131\u011f\u0131 ile<br \/>\n\u00dccret al\u0131c\u0131 olarak taraf\u0131n\u0131za g\u00f6nderilecektir.<\/p>\n<hr \/>\n<p><strong>Karsan Markas\u0131 Hakk\u0131nda<\/strong><\/p>\n<p>Karsan, 1966 y\u0131l\u0131nda Bursa\u2019da kurulmu\u015ftur. 1979-1998 y\u0131llar\u0131 aras\u0131nda Ko\u00e7 Grubu \u00e7at\u0131s\u0131 alt\u0131nda faaliyet g\u00f6stermi\u015f, 1998&#8217;de \u0130nan K\u0131ra\u00e7&#8217;\u0131n \u00e7o\u011funluk hisselerini almas\u0131yla birlikte K\u0131ra\u00e7a Holding b\u00fcnyesine dahil olmu\u015ftur.<\/p>\n<p>1998 y\u0131l\u0131ndan itibaren hafif ve a\u011f\u0131r ticari ara\u00e7 \u00fcretimi yapmaktad\u0131r. Otomotiv sanayiinde ara\u00e7 \u00fcretiminin yan\u0131 s\u0131ra, T\u00fcrkiye&#8217;nin tek ba\u011f\u0131ms\u0131z \u00e7ok markal\u0131 ara\u00e7 \u00fcreticisi konumunda olan Karsan, ayn\u0131 \u00e7at\u0131 alt\u0131nda kendi markas\u0131 da dahil olmak \u00fczere be\u015f farkl\u0131 markan\u0131n \u00fcreticisi konumundad\u0131r.<\/p>\n<p>Bug\u00fcn Peugeot lisans\u0131 ile Peugeot Partner, Hyundai lisans\u0131 ile Hyundai HD 35\/75, Renault Trucks lisans\u0131 ile Renault Trucks Premium Uzunyol, Premium Lander ve Kerax, Citro\u00ebn lisans\u0131 ile Citro\u00ebn Berlingo ve kendi markas\u0131 ile J10&#8217;un \u00fcretimini ger\u00e7ekle\u015ftiriyor. \u00a0Bu nedenle T\u00fcrkiye\u2019nin ilk ve tek \u00e7ok markal\u0131 ara\u00e7 \u00fcreticisi \u00fcnvan\u0131na sahip olmu\u015ftur.<\/p>\n<p>2004 y\u0131l\u0131ndan itibaren Tofa\u015f, Ford , Renault Trucks, T\u00fcrk Trakt\u00f6r, Uzel gibi otomotiv \u015firketlerine kaynak, pres, boya ve montaj gibi end\u00fcstriyel hizmetler de sa\u011flamaktad\u0131r.<\/p>\n<p><strong>Par\u00e7a Vesaire Hakk\u0131nda<\/strong><\/p>\n<p>Ba\u015fta IVECO, MAN, TATA, Mitsubishi, Subaru, HFK Kanuni, Karsan gibi markalar\u0131n orjinal ve yan sanayi par\u00e7alar\u0131n\u0131n ve \u0130klimsa klimalar\u0131n\u0131n T\u00fcrkiye genelinde online sat\u0131\u015f\u0131n\u0131n yap\u0131ld\u0131\u011f\u0131 bir al\u0131\u015fveri\u015f sitesi olarak 2021 y\u0131l\u0131nda faaliyetine ba\u015flam\u0131\u015ft\u0131r.<\/p>\n<p>\u0130lerleyen d\u00f6nemlerde di\u011fer otomotiv markalar\u0131n\u0131 ve otomotiv d\u0131\u015f\u0131 yedek par\u00e7a, makine,\u00a0ikince el sanayi \u00fcr\u00fcnleri ve servis aparatlar\u0131n\u0131 da ihtiva edecek \u015fekilde yap\u0131lanmay\u0131 hedeflemektedir. \u00d6nerileriniz ve i\u015fbirli\u011fi talepleriniz i\u00e7in bizimle irtibat kurabilirsiniz.<\/p>\n","protected":false},"excerpt":{"rendered":"<p><strong>5801528686<\/strong> &#8211; Orjinal <strong>IVECO Daily<\/strong> Arka Kap\u0131 Alt Sa\u011f\/Sol Mente\u015fe<br \/>\nMente\u015fe, Kap\u0131 Arka Alt Sa\u011f\/Sol (2014-2019) 70C17 Van 4100 H ID FL 70C17 Van 4100 H N<br \/>\n<strong>%100 Orjinal<\/strong> IVECO Daily <strong>Mente\u015fe, Arka Kap\u0131, Alt Sa\u011f\/Sol<\/strong><br \/>\nOrjinal IVECO <strong>ambalaj\u0131nda<\/strong> g\u00f6nderilecektir.<br \/>\nFiyatlar\u0131m\u0131za <strong>KDV<\/strong> \u00fccreti dahildir.<br \/>\nAd\u0131n\u0131za <strong>fatural\u0131<\/strong> olarak g\u00f6nderilecektir.<br \/>\n<strong>Kargo<\/strong> ta\u015f\u0131ma \u00fccreti <strong>al\u0131c\u0131ya<\/strong> aittir.<\/p>\n","protected":false},"featured_media":4393,"comment_status":"open","ping_status":"closed","template":"","meta":{"_monsterinsights_skip_tracking":false,"_monsterinsights_sitenote_active":false,"_monsterinsights_sitenote_note":"","_monsterinsights_sitenote_category":0},"product_brand":[17982],"product_cat":[46],"product_tag":[18674,638,714,58,51,640],"class_list":{"0":"post-4392","1":"product","2":"type-product","3":"status-publish","4":"has-post-thumbnail","6":"product_brand-iveco","7":"product_cat-iveco-yedek-parca","8":"product_tag-18674","9":"product_tag-arka-kapi-alt-mentese","10":"product_tag-arka-kapi-mentese-alt","11":"product_tag-daily","12":"product_tag-iveco","13":"product_tag-kapi-alt-mentese","15":"first","16":"instock","17":"sale","18":"taxable","19":"shipping-taxable","20":"purchasable","21":"product-type-simple"},"_links":{"self":[{"href":"https:\/\/parcavs.com\/index.php\/wp-json\/wp\/v2\/product\/4392","targetHints":{"allow":["GET"]}}],"collection":[{"href":"https:\/\/parcavs.com\/index.php\/wp-json\/wp\/v2\/product"}],"about":[{"href":"https:\/\/parcavs.com\/index.php\/wp-json\/wp\/v2\/types\/product"}],"replies":[{"embeddable":true,"href":"https:\/\/parcavs.com\/index.php\/wp-json\/wp\/v2\/comments?post=4392"}],"version-history":[{"count":5,"href":"https:\/\/parcavs.com\/index.php\/wp-json\/wp\/v2\/product\/4392\/revisions"}],"predecessor-version":[{"id":11839,"href":"https:\/\/parcavs.com\/index.php\/wp-json\/wp\/v2\/product\/4392\/revisions\/11839"}],"wp:featuredmedia":[{"embeddable":true,"href":"https:\/\/parcavs.com\/index.php\/wp-json\/wp\/v2\/media\/4393"}],"wp:attachment":[{"href":"https:\/\/parcavs.com\/index.php\/wp-json\/wp\/v2\/media?parent=4392"}],"wp:term":[{"taxonomy":"product_brand","embeddable":true,"href":"https:\/\/parcavs.com\/index.php\/wp-json\/wp\/v2\/product_brand?post=4392"},{"taxonomy":"product_cat","embeddable":true,"href":"https:\/\/parcavs.com\/index.php\/wp-json\/wp\/v2\/product_cat?post=4392"},{"taxonomy":"product_tag","embeddable":true,"href":"https:\/\/parcavs.com\/index.php\/wp-json\/wp\/v2\/product_tag?post=4392"}],"curies":[{"name":"wp","href":"https:\/\/api.w.org\/{rel}","templated":true}]}}