{"id":4734,"date":"2021-08-11T15:25:37","date_gmt":"2021-08-11T12:25:37","guid":{"rendered":"https:\/\/parcavs.com\/?post_type=product&#038;p=4734"},"modified":"2022-01-01T00:01:46","modified_gmt":"2021-12-31T22:01:46","slug":"orjinal-iveco-stralis-kilit-504040094","status":"publish","type":"product","link":"https:\/\/parcavs.com\/index.php\/product\/orjinal-iveco-stralis-kilit-504040094\/","title":{"rendered":"Orjinal IVECO Stralis Kilit (504040094)"},"content":{"rendered":"<p>504040094- IVECO Stralis Kilit<br \/>\n%100 Orjinal IVECO Yedek Par\u00e7a<br \/>\n\u00dccretsiz kargo ve ad\u0131n\u0131za fatural\u0131 olarak g\u00f6nderilecektir.<\/p>\n","protected":false},"excerpt":{"rendered":"<p>504040094- IVECO Stralis Kilit<br \/>\nKilit (504039889) Stralis CS F Stralis CS<br \/>\n%100 Orjinal IVECO Stralis Kilit<br \/>\nOrjinal IVECO ambalaj\u0131nda g\u00f6nderilecektir.<br \/>\nFiyatlar\u0131m\u0131z KDV ve kargo g\u00f6nderim \u00fccreti dahildir.<\/p>\n","protected":false},"featured_media":4797,"comment_status":"open","ping_status":"closed","template":"","meta":{"_monsterinsights_skip_tracking":false,"_monsterinsights_sitenote_active":false,"_monsterinsights_sitenote_note":"","_monsterinsights_sitenote_category":0},"product_brand":[],"product_cat":[46],"product_tag":[51,226,59],"class_list":{"0":"post-4734","1":"product","2":"type-product","3":"status-publish","4":"has-post-thumbnail","6":"product_cat-iveco-yedek-parca","7":"product_tag-iveco","8":"product_tag-kilit","9":"product_tag-stralis","11":"first","12":"instock","13":"taxable","14":"shipping-taxable","15":"purchasable","16":"product-type-simple"},"_links":{"self":[{"href":"https:\/\/parcavs.com\/index.php\/wp-json\/wp\/v2\/product\/4734","targetHints":{"allow":["GET"]}}],"collection":[{"href":"https:\/\/parcavs.com\/index.php\/wp-json\/wp\/v2\/product"}],"about":[{"href":"https:\/\/parcavs.com\/index.php\/wp-json\/wp\/v2\/types\/product"}],"replies":[{"embeddable":true,"href":"https:\/\/parcavs.com\/index.php\/wp-json\/wp\/v2\/comments?post=4734"}],"version-history":[{"count":3,"href":"https:\/\/parcavs.com\/index.php\/wp-json\/wp\/v2\/product\/4734\/revisions"}],"predecessor-version":[{"id":4799,"href":"https:\/\/parcavs.com\/index.php\/wp-json\/wp\/v2\/product\/4734\/revisions\/4799"}],"wp:featuredmedia":[{"embeddable":true,"href":"https:\/\/parcavs.com\/index.php\/wp-json\/wp\/v2\/media\/4797"}],"wp:attachment":[{"href":"https:\/\/parcavs.com\/index.php\/wp-json\/wp\/v2\/media?parent=4734"}],"wp:term":[{"taxonomy":"product_brand","embeddable":true,"href":"https:\/\/parcavs.com\/index.php\/wp-json\/wp\/v2\/product_brand?post=4734"},{"taxonomy":"product_cat","embeddable":true,"href":"https:\/\/parcavs.com\/index.php\/wp-json\/wp\/v2\/product_cat?post=4734"},{"taxonomy":"product_tag","embeddable":true,"href":"https:\/\/parcavs.com\/index.php\/wp-json\/wp\/v2\/product_tag?post=4734"}],"curies":[{"name":"wp","href":"https:\/\/api.w.org\/{rel}","templated":true}]}}