{"id":5137,"date":"2021-09-16T11:26:28","date_gmt":"2021-09-16T08:26:28","guid":{"rendered":"https:\/\/parcavs.com\/?post_type=product&#038;p=5137"},"modified":"2025-03-11T00:00:05","modified_gmt":"2025-03-10T22:00:05","slug":"orjinal-iveco-daily-sanziman-segmani-16879476","status":"publish","type":"product","link":"https:\/\/parcavs.com\/index.php\/product\/orjinal-iveco-daily-sanziman-segmani-16879476\/","title":{"rendered":"Orjinal IVECO Daily \u015eanz\u0131man Segman\u0131 (16879476)"},"content":{"rendered":"<p>16879476- IVECO Daily \u015eanz\u0131man Segman\u0131<br \/>\nSegman, \u015eanz\u0131man 35 C 11 ID F ID FL 35 C 11<br \/>\n%100 Orjinal IVECO Yedek Par\u00e7a<br \/>\nOrjinal IVECO ambalaj\u0131nda g\u00f6nderilecektir.<br \/>\n\u00dccretsiz kargo ve ad\u0131n\u0131za fatural\u0131 olarak g\u00f6nderilecektir.<\/p>\n","protected":false},"excerpt":{"rendered":"<p>16879476- IVECO Daily \u015eanz\u0131man Segman\u0131<br \/>\nSegman, \u015eanz\u0131man 35 C 11 ID F ID FL 35 C 11<br \/>\n%100 Orjinal IVECO Daily \u015eanz\u0131man Segman\u0131<br \/>\nOrjinal IVECO ambalaj\u0131nda g\u00f6nderilecektir.<br \/>\nFiyatlar\u0131m\u0131za KDV ve kargo g\u00f6nderim \u00fccreti dahildir.<\/p>\n","protected":false},"featured_media":5155,"comment_status":"open","ping_status":"closed","template":"","meta":{"_monsterinsights_skip_tracking":false,"_monsterinsights_sitenote_active":false,"_monsterinsights_sitenote_note":"","_monsterinsights_sitenote_category":0},"product_brand":[],"product_cat":[46],"product_tag":[14401,58,51,861],"class_list":{"0":"post-5137","1":"product","2":"type-product","3":"status-publish","4":"has-post-thumbnail","6":"product_cat-iveco-yedek-parca","7":"product_tag-14401","8":"product_tag-daily","9":"product_tag-iveco","10":"product_tag-sanziman-segmani","12":"first","13":"instock","14":"taxable","15":"shipping-taxable","16":"purchasable","17":"product-type-simple"},"_links":{"self":[{"href":"https:\/\/parcavs.com\/index.php\/wp-json\/wp\/v2\/product\/5137","targetHints":{"allow":["GET"]}}],"collection":[{"href":"https:\/\/parcavs.com\/index.php\/wp-json\/wp\/v2\/product"}],"about":[{"href":"https:\/\/parcavs.com\/index.php\/wp-json\/wp\/v2\/types\/product"}],"replies":[{"embeddable":true,"href":"https:\/\/parcavs.com\/index.php\/wp-json\/wp\/v2\/comments?post=5137"}],"version-history":[{"count":1,"href":"https:\/\/parcavs.com\/index.php\/wp-json\/wp\/v2\/product\/5137\/revisions"}],"predecessor-version":[{"id":5138,"href":"https:\/\/parcavs.com\/index.php\/wp-json\/wp\/v2\/product\/5137\/revisions\/5138"}],"wp:featuredmedia":[{"embeddable":true,"href":"https:\/\/parcavs.com\/index.php\/wp-json\/wp\/v2\/media\/5155"}],"wp:attachment":[{"href":"https:\/\/parcavs.com\/index.php\/wp-json\/wp\/v2\/media?parent=5137"}],"wp:term":[{"taxonomy":"product_brand","embeddable":true,"href":"https:\/\/parcavs.com\/index.php\/wp-json\/wp\/v2\/product_brand?post=5137"},{"taxonomy":"product_cat","embeddable":true,"href":"https:\/\/parcavs.com\/index.php\/wp-json\/wp\/v2\/product_cat?post=5137"},{"taxonomy":"product_tag","embeddable":true,"href":"https:\/\/parcavs.com\/index.php\/wp-json\/wp\/v2\/product_tag?post=5137"}],"curies":[{"name":"wp","href":"https:\/\/api.w.org\/{rel}","templated":true}]}}