{"id":5140,"date":"2021-09-16T11:48:14","date_gmt":"2021-09-16T08:48:14","guid":{"rendered":"https:\/\/parcavs.com\/?post_type=product&#038;p=5140"},"modified":"2022-01-01T00:01:48","modified_gmt":"2021-12-31T22:01:48","slug":"orjinal-iveco-stralis-m6x16mm-vida-8873208","status":"publish","type":"product","link":"https:\/\/parcavs.com\/index.php\/product\/orjinal-iveco-stralis-m6x16mm-vida-8873208\/","title":{"rendered":"Orjinal IVECO Stralis M6x16mm Vida (8873208)"},"content":{"rendered":"<p>8873208 &#8211; IVECO Stralis M6x16mm Vida<br \/>\nVida, M6x16 mm (8871238) Stralis CS F<br \/>\n%100 Orjinal IVECO Yedek Par\u00e7a<br \/>\nOrjinal IVECO ambalaj\u0131nda g\u00f6nderilecektir.<br \/>\n\u00dccretsiz kargo ve ad\u0131n\u0131za fatural\u0131 olarak g\u00f6nderilecektir.<\/p>\n","protected":false},"excerpt":{"rendered":"<p>8873208 &#8211; IVECO Stralis M6x16 mm Vida<br \/>\nVida, M6x 16 mm (8871238) Stralis CS F<br \/>\n%100 Orjinal IVECO Stralis Vida M6x16mm<br \/>\nOrjinal IVECO ambalaj\u0131nda g\u00f6nderilecektir.<br \/>\nFiyatlar\u0131m\u0131za KDV ve kargo g\u00f6nderim \u00fccreti dahildir.<\/p>\n","protected":false},"featured_media":5141,"comment_status":"open","ping_status":"closed","template":"","meta":{"_monsterinsights_skip_tracking":false,"_monsterinsights_sitenote_active":false,"_monsterinsights_sitenote_note":"","_monsterinsights_sitenote_category":0},"product_brand":[],"product_cat":[46],"product_tag":[51,864,59,863],"class_list":{"0":"post-5140","1":"product","2":"type-product","3":"status-publish","4":"has-post-thumbnail","6":"product_cat-iveco-yedek-parca","7":"product_tag-iveco","8":"product_tag-m6x16mm-vida","9":"product_tag-stralis","10":"product_tag-vida","12":"first","13":"instock","14":"taxable","15":"shipping-taxable","16":"purchasable","17":"product-type-simple"},"_links":{"self":[{"href":"https:\/\/parcavs.com\/index.php\/wp-json\/wp\/v2\/product\/5140","targetHints":{"allow":["GET"]}}],"collection":[{"href":"https:\/\/parcavs.com\/index.php\/wp-json\/wp\/v2\/product"}],"about":[{"href":"https:\/\/parcavs.com\/index.php\/wp-json\/wp\/v2\/types\/product"}],"replies":[{"embeddable":true,"href":"https:\/\/parcavs.com\/index.php\/wp-json\/wp\/v2\/comments?post=5140"}],"version-history":[{"count":2,"href":"https:\/\/parcavs.com\/index.php\/wp-json\/wp\/v2\/product\/5140\/revisions"}],"predecessor-version":[{"id":5143,"href":"https:\/\/parcavs.com\/index.php\/wp-json\/wp\/v2\/product\/5140\/revisions\/5143"}],"wp:featuredmedia":[{"embeddable":true,"href":"https:\/\/parcavs.com\/index.php\/wp-json\/wp\/v2\/media\/5141"}],"wp:attachment":[{"href":"https:\/\/parcavs.com\/index.php\/wp-json\/wp\/v2\/media?parent=5140"}],"wp:term":[{"taxonomy":"product_brand","embeddable":true,"href":"https:\/\/parcavs.com\/index.php\/wp-json\/wp\/v2\/product_brand?post=5140"},{"taxonomy":"product_cat","embeddable":true,"href":"https:\/\/parcavs.com\/index.php\/wp-json\/wp\/v2\/product_cat?post=5140"},{"taxonomy":"product_tag","embeddable":true,"href":"https:\/\/parcavs.com\/index.php\/wp-json\/wp\/v2\/product_tag?post=5140"}],"curies":[{"name":"wp","href":"https:\/\/api.w.org\/{rel}","templated":true}]}}