{"id":5351,"date":"2021-10-13T13:29:14","date_gmt":"2021-10-13T10:29:14","guid":{"rendered":"https:\/\/parcavs.com\/?post_type=product&#038;p=5351"},"modified":"2024-10-24T00:00:12","modified_gmt":"2024-10-23T21:00:12","slug":"orjinal-iveco-35-10-arka-porya-rulman-kapagi-7180545","status":"publish","type":"product","link":"https:\/\/parcavs.com\/index.php\/product\/orjinal-iveco-35-10-arka-porya-rulman-kapagi-7180545\/","title":{"rendered":"Orjinal IVECO 35.10 Arka Porya Rulman Kapa\u011f\u0131 (7180545)"},"content":{"rendered":"<p>7180545 &#8211; IVECO 35.10 Arka Porya Bilya Kapa\u011f\u0131<br \/>\nKapak, Porya Rulman Arka 35.10 ID F ID FL 35,10<br \/>\n%100 Orjinal IVECO Yedek Par\u00e7a<br \/>\n\u00dccretsiz kargo ve ad\u0131n\u0131za fatural\u0131 olarak g\u00f6nderilecektir.<\/p>\n","protected":false},"excerpt":{"rendered":"<p>7180545 &#8211; IVECO 35.10 Arka Porya Bilya Kapa\u011f\u0131<br \/>\nKapak, Porya Rulman Arka 35.10 ID F ID FL 35,10<br \/>\n%100 Orjinal IVECO 35.10 Arka Porya Rulman Kapa\u011f\u0131<br \/>\nFiyatlar\u0131m\u0131za KDV ve kargo g\u00f6nderim \u00fccreti dahildir.<br \/>\n\u00dccretsiz kargo ve ad\u0131n\u0131za fatural\u0131 olarak g\u00f6nderilecektir.<\/p>\n","protected":false},"featured_media":5352,"comment_status":"open","ping_status":"closed","template":"","meta":{"_monsterinsights_skip_tracking":false,"_monsterinsights_sitenote_active":false,"_monsterinsights_sitenote_note":"","_monsterinsights_sitenote_category":0},"product_brand":[],"product_cat":[46],"product_tag":[914,12293,915,51],"class_list":{"0":"post-5351","1":"product","2":"type-product","3":"status-publish","4":"has-post-thumbnail","6":"product_cat-iveco-yedek-parca","7":"product_tag-35-10","8":"product_tag-12293","9":"product_tag-arka-porya-bil","10":"product_tag-iveco","12":"first","13":"instock","14":"taxable","15":"shipping-taxable","16":"purchasable","17":"product-type-simple"},"_links":{"self":[{"href":"https:\/\/parcavs.com\/index.php\/wp-json\/wp\/v2\/product\/5351","targetHints":{"allow":["GET"]}}],"collection":[{"href":"https:\/\/parcavs.com\/index.php\/wp-json\/wp\/v2\/product"}],"about":[{"href":"https:\/\/parcavs.com\/index.php\/wp-json\/wp\/v2\/types\/product"}],"replies":[{"embeddable":true,"href":"https:\/\/parcavs.com\/index.php\/wp-json\/wp\/v2\/comments?post=5351"}],"version-history":[{"count":1,"href":"https:\/\/parcavs.com\/index.php\/wp-json\/wp\/v2\/product\/5351\/revisions"}],"predecessor-version":[{"id":5353,"href":"https:\/\/parcavs.com\/index.php\/wp-json\/wp\/v2\/product\/5351\/revisions\/5353"}],"wp:featuredmedia":[{"embeddable":true,"href":"https:\/\/parcavs.com\/index.php\/wp-json\/wp\/v2\/media\/5352"}],"wp:attachment":[{"href":"https:\/\/parcavs.com\/index.php\/wp-json\/wp\/v2\/media?parent=5351"}],"wp:term":[{"taxonomy":"product_brand","embeddable":true,"href":"https:\/\/parcavs.com\/index.php\/wp-json\/wp\/v2\/product_brand?post=5351"},{"taxonomy":"product_cat","embeddable":true,"href":"https:\/\/parcavs.com\/index.php\/wp-json\/wp\/v2\/product_cat?post=5351"},{"taxonomy":"product_tag","embeddable":true,"href":"https:\/\/parcavs.com\/index.php\/wp-json\/wp\/v2\/product_tag?post=5351"}],"curies":[{"name":"wp","href":"https:\/\/api.w.org\/{rel}","templated":true}]}}