{"id":5456,"date":"2021-10-18T17:46:06","date_gmt":"2021-10-18T14:46:06","guid":{"rendered":"https:\/\/parcavs.com\/?post_type=product&#038;p=5456"},"modified":"2025-03-01T00:00:09","modified_gmt":"2025-02-28T22:00:09","slug":"orjinal-iveco-daily-egzost-aski-lastigi-504066260","status":"publish","type":"product","link":"https:\/\/parcavs.com\/index.php\/product\/orjinal-iveco-daily-egzost-aski-lastigi-504066260\/","title":{"rendered":"Orjinal IVECO Daily Egzost Ask\u0131 Lasti\u011fi 504066260"},"content":{"rendered":"<p>504066260 &#8211; Orjinal IVECO Daily Egzost Ask\u0131 Lasti\u011fi<br \/>\nLastik, Egzost Ask\u0131 (2019)(500329485) 70 C 18 H A 8 CC 4350 ID FL 35 C 15 VH<br \/>\n%100 Orjinal IVECO Yedek Par\u00e7a<br \/>\nFiyatlar\u0131m\u0131za KDV \u00fccreti dahildir<br \/>\nAd\u0131n\u0131za fatural\u0131 olarak g\u00f6nderilecektir.<br \/>\nKargo ta\u015f\u0131ma \u00fccreti al\u0131c\u0131ya aittir.<br \/>\nAnla\u015fmal\u0131 oldu\u011fumuz kargo firmas\u0131 arac\u0131l\u0131\u011f\u0131yla<br \/>\n\u00dccret al\u0131c\u0131 olarak taraf\u0131n\u0131za g\u00f6nderilecektir.<\/p>\n<hr \/>\n<p><strong>IVECO Markas\u0131 Hakk\u0131nda<\/strong><br \/>\nIVECO 1975 y\u0131l\u0131nda merkezi Torino, \u0130talya&#8217;da kurulmu\u015f kamyon, otob\u00fcs ve dizel motor \u00fcreticisidir. D\u00fcnyaca \u00fcnl\u00fc CNH Industrial \u015firketinin bir alt koludur.<\/p>\n<p>G\u00fc\u00e7l\u00fc y\u00f6netim yap\u0131s\u0131 ile IVECO karayolu ta\u015f\u0131mac\u0131l\u0131\u011f\u0131 alan\u0131ndaki d\u00fcnya liderleri aras\u0131na girmeyi ba\u015farm\u0131\u015ft\u0131r. Profesyonel karayolu ta\u015f\u0131mac\u0131\u011f\u0131n\u0131n gerektirdi\u011fi b\u00fct\u00fcn ihtiya\u00e7lar\u0131 kar\u015f\u0131lamaktad\u0131r.<\/p>\n<p>Iveco dizel serisinde turboyu kullanan ilk \u015firket, Common Rail motorlar\u0131n\u0131 ara\u00e7lar\u0131na dahil eden ilk \u015firket ve EuroV ara\u00e7lar\u0131n\u0131 piyasaya s\u00fcren ilk \u015firkettir. 1992, 1993 ve 2003 y\u0131l\u0131nda Y\u0131l\u0131n kamyonu \u00fcnvan\u0131n\u0131 ve 2000 y\u0131l\u0131nda Y\u0131l\u0131n panelvan\u0131 \u00fcnvan\u0131n\u0131 kazanm\u0131\u015ft\u0131r.<\/p>\n<p><strong>Sat\u0131\u015f ve hizmet a\u011f\u0131:<\/strong> Iveco\u2019nun be\u015f k\u0131taya da\u011f\u0131lm\u0131\u015f olan ve m\u00fc\u015fterilere 2.000&#8217;den fazla sat\u0131\u015f noktas\u0131 ile 5.000&#8217;i a\u015fk\u0131n servis noktas\u0131 sunan global da\u011f\u0131t\u0131m ve hizmet a\u011f\u0131 mevcuttur.<\/p>\n<p>G\u00fcn\u00fcm\u00fczde Avrupa, \u00c7in, Hindistan, Rusya, T\u00fcrkiye, Avustralya, Arjantin, Brezilya ve G\u00fcney Afrika&#8217;da \u00fcretim tesisleri mevcut olup 160&#8217;\u0131 a\u015fk\u0131n \u00fclkede faaliyet g\u00f6stermektedir.<\/p>\n<p><strong>IVECO T\u00fcrkiye:<\/strong> 2008 y\u0131l\u0131na kadar IVECO, T\u00fcrkiye&#8217;de faaliyetlerini merkezi \u0130stanbul&#8217;da bulunan Otoyol Sanayi A.\u015e. \u015firketi b\u00fcnyesinden y\u00fcr\u00fctm\u00fc\u015ft\u00fcr. Bu tarihten sonra T\u00fcrkiye&#8217;de IVECO markas\u0131na ait \u00fcr\u00fcnlerin sat\u0131\u015f, pazarlama ve sat\u0131\u015f sonras\u0131 hizmetlerini % 100 hissesi Iveco S.P.A.&#8217;ya ait Iveco Iveco Ara\u00e7 Sanayi ve Ticaret A\u015e devam ettirmektedir.<\/p>\n","protected":false},"excerpt":{"rendered":"<p><strong>504066260<\/strong> &#8211; Orjinal<strong> IVECO Daily<\/strong> Egzost Ask\u0131 Lasti\u011fi<br \/>\nLastik, Egzost Ask\u0131 (2019)(500329485) 70 C 18 H A 8 CC 4350 ID FL 35 C 15 VH<br \/>\n<strong>%100 Orjinal<\/strong> IVECO Daily<strong> Egzost Ask\u0131 Lasti\u011fi<\/strong><br \/>\nFiyatlar\u0131m\u0131za <strong>KDV<\/strong> \u00fccreti dahildir<br \/>\nAd\u0131n\u0131za <strong>fatural\u0131<\/strong> olarak g\u00f6nderilecektir.<br \/>\n<strong>Kargo<\/strong> ta\u015f\u0131ma \u00fccreti <strong>al\u0131c\u0131ya<\/strong> aittir.<\/p>\n","protected":false},"featured_media":5457,"comment_status":"open","ping_status":"closed","template":"","meta":{"_monsterinsights_skip_tracking":false,"_monsterinsights_sitenote_active":false,"_monsterinsights_sitenote_note":"","_monsterinsights_sitenote_category":0},"product_brand":[],"product_cat":[46],"product_tag":[58,938,51],"class_list":{"0":"post-5456","1":"product","2":"type-product","3":"status-publish","4":"has-post-thumbnail","6":"product_cat-iveco-yedek-parca","7":"product_tag-daily","8":"product_tag-egzost-aski-lastigi","9":"product_tag-iveco","11":"first","12":"instock","13":"taxable","14":"shipping-taxable","15":"purchasable","16":"product-type-simple"},"_links":{"self":[{"href":"https:\/\/parcavs.com\/index.php\/wp-json\/wp\/v2\/product\/5456","targetHints":{"allow":["GET"]}}],"collection":[{"href":"https:\/\/parcavs.com\/index.php\/wp-json\/wp\/v2\/product"}],"about":[{"href":"https:\/\/parcavs.com\/index.php\/wp-json\/wp\/v2\/types\/product"}],"replies":[{"embeddable":true,"href":"https:\/\/parcavs.com\/index.php\/wp-json\/wp\/v2\/comments?post=5456"}],"version-history":[{"count":4,"href":"https:\/\/parcavs.com\/index.php\/wp-json\/wp\/v2\/product\/5456\/revisions"}],"predecessor-version":[{"id":35966,"href":"https:\/\/parcavs.com\/index.php\/wp-json\/wp\/v2\/product\/5456\/revisions\/35966"}],"wp:featuredmedia":[{"embeddable":true,"href":"https:\/\/parcavs.com\/index.php\/wp-json\/wp\/v2\/media\/5457"}],"wp:attachment":[{"href":"https:\/\/parcavs.com\/index.php\/wp-json\/wp\/v2\/media?parent=5456"}],"wp:term":[{"taxonomy":"product_brand","embeddable":true,"href":"https:\/\/parcavs.com\/index.php\/wp-json\/wp\/v2\/product_brand?post=5456"},{"taxonomy":"product_cat","embeddable":true,"href":"https:\/\/parcavs.com\/index.php\/wp-json\/wp\/v2\/product_cat?post=5456"},{"taxonomy":"product_tag","embeddable":true,"href":"https:\/\/parcavs.com\/index.php\/wp-json\/wp\/v2\/product_tag?post=5456"}],"curies":[{"name":"wp","href":"https:\/\/api.w.org\/{rel}","templated":true}]}}