{"id":6562,"date":"2021-11-20T16:21:41","date_gmt":"2021-11-20T14:21:41","guid":{"rendered":"https:\/\/parcavs.com\/?post_type=product&#038;p=6562"},"modified":"2025-12-27T00:16:57","modified_gmt":"2025-12-26T22:16:57","slug":"orjinal-subaru-sag-sis-far-kapagi-57731ag421te","status":"publish","type":"product","link":"https:\/\/parcavs.com\/index.php\/product\/orjinal-subaru-sag-sis-far-kapagi-57731ag421te\/","title":{"rendered":"Orjinal Subaru Sa\u011f Sis Far Kapa\u011f\u0131 (57731AG421TE)"},"content":{"rendered":"<p>57731AG421TE &#8211; Orjinal Subaru Sa\u011f Sis Far Kapa\u011f\u0131<br \/>\n%100 Orjinal Subaru Sis Far Kapa\u011f\u0131, Sa\u011f<br \/>\nUyumlu Modeller: Legacy, Outback<br \/>\nFiyatlar\u0131m\u0131za KDV \u00fccreti dahildir<br \/>\nAd\u0131n\u0131za fatural\u0131 olarak g\u00f6nderilecektir.<br \/>\nKargo ta\u015f\u0131ma \u00fccreti al\u0131c\u0131ya aittir.<br \/>\nAnla\u015fmal\u0131 oldu\u011fumuz kargo firmas\u0131 arac\u0131l\u0131\u011f\u0131yla<br \/>\n\u00dccret al\u0131c\u0131 olarak taraf\u0131n\u0131za g\u00f6nderilecektir.<\/p>\n<hr \/>\n<p><strong>Subaru Markas\u0131 Hakk\u0131nda<\/strong><\/p>\n<p>Subaru, 1953 y\u0131l\u0131nda Fuji Heavy Industries taraf\u0131ndan Tokyo, Japonya\u2019da kurulan bir otomobil \u00fcreticisidir. \u0130smini binlerce y\u0131ld\u0131r gezginlere rehberlik etmekte olan \u00fclker y\u0131ld\u0131z k\u00fcmesinin Japonca ad\u0131ndan almaktad\u0131r. Logosundaki 6 y\u0131ld\u0131z ise Japonya\u2019da otomotiv sekt\u00f6r\u00fcnde faaliyet g\u00f6steren 6 b\u00fcy\u00fck firman\u0131n bir araya gelmesini temsil etmektedir. Subaru markas\u0131, Toyota markas\u0131 ile karde\u015f firma konumundad\u0131r.<\/p>\n<p>D\u00f6rt \u00e7eker otomobil ve boxer motor teknolojisini geli\u015ftiren Subaru, d\u00fcnya \u00e7ap\u0131nda en be\u011fenilen otomobil markalar\u0131 aras\u0131nda yer almay\u0131 ba\u015farm\u0131\u015ft\u0131r. Subaru marka otomobiller \u00fcst\u00fcn g\u00fcvenlik s\u00fcr\u00fc\u015f\u00fc ve konfor isteyen s\u00fcr\u00fcc\u00fclerin t\u00fcm beklentilerine cevap verebilmektedir.<\/p>\n<p><strong>Subaru T\u00fcrkiye Hakk\u0131nda <\/strong><\/p>\n<p>T\u00fcrkiye\u2019de Subaru markas\u0131 1995 y\u0131l\u0131ndan itibaren Bayraktar Holding b\u00fcnyesindeki Baytur Motorlu Vas\u0131talar Ticaret A.\u015e. taraf\u0131ndan temsil edilmektedir 2008 y\u0131l\u0131 itibariyle de Fuji Heavy Industries, Baytur A\u015e\u2019nin y\u00fczde 10 hissesini sat\u0131n alarak, Subaru\u2019nun T\u00fcrkiye distrib\u00fct\u00f6r \u015firketine ortak olmu\u015ftur.<\/p>\n<p><strong>Par\u00e7a Vesaire Hakk\u0131nda<\/strong><\/p>\n<p>Ba\u015fta IVECO, MAN, TATA, Mitsubishi, Subaru, HFK Kanuni, Karsan gibi markalar\u0131n orjinal ve yan sanayi par\u00e7alar\u0131n\u0131n ve \u0130klimsa klimalar\u0131n\u0131n T\u00fcrkiye genelinde online sat\u0131\u015f\u0131n\u0131n yap\u0131ld\u0131\u011f\u0131 bir al\u0131\u015fveri\u015f sitesi olarak 2021 y\u0131l\u0131nda faaliyetine ba\u015flam\u0131\u015ft\u0131r.<\/p>\n<p>\u0130lerleyen d\u00f6nemlerde di\u011fer otomotiv markalar\u0131n\u0131 ve otomotiv d\u0131\u015f\u0131 yedek par\u00e7a, makine,\u00a0ikince el sanayi \u00fcr\u00fcnleri ve servis aparatlar\u0131n\u0131 da ihtiva edecek \u015fekilde yap\u0131lanmay\u0131 hedeflemektedir. \u00d6nerileriniz ve i\u015fbirli\u011fi talepleriniz i\u00e7in bizimle irtibat kurabilirsiniz.<\/p>\n","protected":false},"excerpt":{"rendered":"<p><strong>57731AG421TE<\/strong> &#8211; Orjinal Subaru <strong>Sa\u011f Sis Far Kapa\u011f\u0131<\/strong><br \/>\n<strong>%100 Orjinal Subaru<\/strong> Sis Far Kapa\u011f\u0131, Sa\u011f<br \/>\nUyumlu Modeller:<strong> Legacy, Outback<\/strong><br \/>\nFiyatlar\u0131m\u0131za <strong>KDV<\/strong> \u00fccreti dahildir<br \/>\nAd\u0131n\u0131za <strong>fatural\u0131<\/strong> olarak g\u00f6nderilecektir.<br \/>\n<strong>Kargo<\/strong> ta\u015f\u0131ma \u00fccreti <strong>al\u0131c\u0131ya<\/strong> aittir.<\/p>\n","protected":false},"featured_media":6569,"comment_status":"open","ping_status":"closed","template":"","meta":{"_monsterinsights_skip_tracking":false,"_monsterinsights_sitenote_active":false,"_monsterinsights_sitenote_note":"","_monsterinsights_sitenote_category":0},"product_brand":[17983],"product_cat":[45],"product_tag":[18288,1059,1055,435,437,1048],"class_list":{"0":"post-6562","1":"product","2":"type-product","3":"status-publish","4":"has-post-thumbnail","6":"product_brand-subaru","7":"product_cat-subaru-yedek-parca","8":"product_tag-57731ag421te","9":"product_tag-legacy","10":"product_tag-outback","11":"product_tag-sag-sis-far-kapagi","12":"product_tag-sis-far-kapagi","13":"product_tag-subaru","15":"first","16":"instock","17":"taxable","18":"shipping-taxable","19":"purchasable","20":"product-type-simple"},"_links":{"self":[{"href":"https:\/\/parcavs.com\/index.php\/wp-json\/wp\/v2\/product\/6562","targetHints":{"allow":["GET"]}}],"collection":[{"href":"https:\/\/parcavs.com\/index.php\/wp-json\/wp\/v2\/product"}],"about":[{"href":"https:\/\/parcavs.com\/index.php\/wp-json\/wp\/v2\/types\/product"}],"replies":[{"embeddable":true,"href":"https:\/\/parcavs.com\/index.php\/wp-json\/wp\/v2\/comments?post=6562"}],"version-history":[{"count":2,"href":"https:\/\/parcavs.com\/index.php\/wp-json\/wp\/v2\/product\/6562\/revisions"}],"predecessor-version":[{"id":17515,"href":"https:\/\/parcavs.com\/index.php\/wp-json\/wp\/v2\/product\/6562\/revisions\/17515"}],"wp:featuredmedia":[{"embeddable":true,"href":"https:\/\/parcavs.com\/index.php\/wp-json\/wp\/v2\/media\/6569"}],"wp:attachment":[{"href":"https:\/\/parcavs.com\/index.php\/wp-json\/wp\/v2\/media?parent=6562"}],"wp:term":[{"taxonomy":"product_brand","embeddable":true,"href":"https:\/\/parcavs.com\/index.php\/wp-json\/wp\/v2\/product_brand?post=6562"},{"taxonomy":"product_cat","embeddable":true,"href":"https:\/\/parcavs.com\/index.php\/wp-json\/wp\/v2\/product_cat?post=6562"},{"taxonomy":"product_tag","embeddable":true,"href":"https:\/\/parcavs.com\/index.php\/wp-json\/wp\/v2\/product_tag?post=6562"}],"curies":[{"name":"wp","href":"https:\/\/api.w.org\/{rel}","templated":true}]}}