{"id":6872,"date":"2021-12-04T15:12:49","date_gmt":"2021-12-04T13:12:49","guid":{"rendered":"https:\/\/parcavs.com\/?post_type=product&#038;p=6872"},"modified":"2025-05-08T00:00:06","modified_gmt":"2025-05-07T21:00:06","slug":"orjinal-karsan-j9-el-fren-teli-sol-kisa-k483228","status":"publish","type":"product","link":"https:\/\/parcavs.com\/index.php\/product\/orjinal-karsan-j9-el-fren-teli-sol-kisa-k483228\/","title":{"rendered":"Orjinal Karsan J9 El Fren Teli Sol K\u0131sa (K483228)"},"content":{"rendered":"<p>K483228 &#8211; Orjinal Karsan J9 Sol K\u0131sa El Fren Teli<br \/>\n(Karsan, Peugeot, Citroen) (483228.02 &#8211; P.7930010989)<br \/>\n%100 Orjinal Karsan J9 Yedek Par\u00e7a<br \/>\nFiyatlar\u0131m\u0131za kargo g\u00f6nderim \u00fccreti ve KDV dahildir.<\/p>\n<hr \/>\n<p><strong>Karsan Markas\u0131 Hakk\u0131nda<\/strong><\/p>\n<p>Karsan, 1966 y\u0131l\u0131nda Bursa\u2019da kurulmu\u015ftur. 1979-1998 y\u0131llar\u0131 aras\u0131nda Ko\u00e7 Grubu \u00e7at\u0131s\u0131 alt\u0131nda faaliyet g\u00f6stermi\u015f, 1998&#8217;de \u0130nan K\u0131ra\u00e7&#8217;\u0131n \u00e7o\u011funluk hisselerini almas\u0131yla birlikte K\u0131ra\u00e7a Holding b\u00fcnyesine dahil olmu\u015ftur.<\/p>\n<p>1998 y\u0131l\u0131ndan itibaren hafif ve a\u011f\u0131r ticari ara\u00e7 \u00fcretimi yapmaktad\u0131r. Otomotiv sanayiinde ara\u00e7 \u00fcretiminin yan\u0131 s\u0131ra, T\u00fcrkiye&#8217;nin tek ba\u011f\u0131ms\u0131z \u00e7ok markal\u0131 ara\u00e7 \u00fcreticisi konumunda olan Karsan, ayn\u0131 \u00e7at\u0131 alt\u0131nda kendi markas\u0131 da dahil olmak \u00fczere be\u015f farkl\u0131 markan\u0131n \u00fcreticisi konumundad\u0131r.<\/p>\n<p>Bug\u00fcn Peugeot lisans\u0131 ile Peugeot Partner, Hyundai lisans\u0131 ile Hyundai HD 35\/75, Renault Trucks lisans\u0131 ile Renault Trucks Premium Uzunyol, Premium Lander ve Kerax, Citro\u00ebn lisans\u0131 ile Citro\u00ebn Berlingo ve kendi markas\u0131 ile J10&#8217;un \u00fcretimini ger\u00e7ekle\u015ftiriyor. \u00a0Bu nedenle T\u00fcrkiye\u2019nin ilk ve tek \u00e7ok markal\u0131 ara\u00e7 \u00fcreticisi \u00fcnvan\u0131na sahip olmu\u015ftur.<\/p>\n<p>2004 y\u0131l\u0131ndan itibaren Tofa\u015f, Ford , Renault Trucks, T\u00fcrk Trakt\u00f6r, Uzel gibi otomotiv \u015firketlerine kaynak, pres, boya ve montaj gibi end\u00fcstriyel hizmetler de sa\u011flamaktad\u0131r.<\/p>\n<p><strong>Par\u00e7a Vesaire Hakk\u0131nda<\/strong><\/p>\n<p>Ba\u015fta IVECO, MAN, TATA, Mitsubishi, Subaru, HFK Kanuni, Karsan gibi markalar\u0131n orjinal ve yan sanayi par\u00e7alar\u0131n\u0131n ve \u0130klimsa klimalar\u0131n\u0131n T\u00fcrkiye genelinde online sat\u0131\u015f\u0131n\u0131n yap\u0131ld\u0131\u011f\u0131 bir al\u0131\u015fveri\u015f sitesi olarak 2021 y\u0131l\u0131nda faaliyetine ba\u015flam\u0131\u015ft\u0131r.<\/p>\n<p>\u0130lerleyen d\u00f6nemlerde di\u011fer otomotiv markalar\u0131n\u0131 ve otomotiv d\u0131\u015f\u0131 yedek par\u00e7a, makine,\u00a0ikince el sanayi \u00fcr\u00fcnleri ve servis aparatlar\u0131n\u0131 da ihtiva edecek \u015fekilde yap\u0131lanmay\u0131 hedeflemektedir. \u00d6nerileriniz ve i\u015fbirli\u011fi talepleriniz i\u00e7in bizimle irtibat kurabilirsiniz.<\/p>\n","protected":false},"excerpt":{"rendered":"<p><strong>K483228<\/strong> &#8211; Orjinal <strong>Karsan J9<\/strong> El Fren Teli, Sol K\u0131sa<br \/>\n(Karsan, Peugeot, Citroen) (483228.02 &#8211; P.7930010989)<br \/>\n<strong>%100 Orjinal<\/strong> Karsan J9 <strong>Sol K\u0131sa El Fren Teli<\/strong><br \/>\n<strong>\u00dccretsiz kargo<\/strong> ve ad\u0131n\u0131za <strong>fatural\u0131<\/strong> olarak g\u00f6nderilecektir.<\/p>\n","protected":false},"featured_media":6897,"comment_status":"open","ping_status":"closed","template":"","meta":{"_monsterinsights_skip_tracking":false,"_monsterinsights_sitenote_active":false,"_monsterinsights_sitenote_note":"","_monsterinsights_sitenote_category":0},"product_brand":[],"product_cat":[47],"product_tag":[1164,1151,15957,1150,1163],"class_list":{"0":"post-6872","1":"product","2":"type-product","3":"status-publish","4":"has-post-thumbnail","6":"product_cat-karsan-yedek-parca","7":"product_tag-el-fren-teli-sol-kisa","8":"product_tag-j9","9":"product_tag-k483228","10":"product_tag-karsan","11":"product_tag-sol-kisa-el-fren-teli","13":"first","14":"instock","15":"taxable","16":"shipping-taxable","17":"purchasable","18":"product-type-simple"},"_links":{"self":[{"href":"https:\/\/parcavs.com\/index.php\/wp-json\/wp\/v2\/product\/6872","targetHints":{"allow":["GET"]}}],"collection":[{"href":"https:\/\/parcavs.com\/index.php\/wp-json\/wp\/v2\/product"}],"about":[{"href":"https:\/\/parcavs.com\/index.php\/wp-json\/wp\/v2\/types\/product"}],"replies":[{"embeddable":true,"href":"https:\/\/parcavs.com\/index.php\/wp-json\/wp\/v2\/comments?post=6872"}],"version-history":[{"count":1,"href":"https:\/\/parcavs.com\/index.php\/wp-json\/wp\/v2\/product\/6872\/revisions"}],"predecessor-version":[{"id":6873,"href":"https:\/\/parcavs.com\/index.php\/wp-json\/wp\/v2\/product\/6872\/revisions\/6873"}],"wp:featuredmedia":[{"embeddable":true,"href":"https:\/\/parcavs.com\/index.php\/wp-json\/wp\/v2\/media\/6897"}],"wp:attachment":[{"href":"https:\/\/parcavs.com\/index.php\/wp-json\/wp\/v2\/media?parent=6872"}],"wp:term":[{"taxonomy":"product_brand","embeddable":true,"href":"https:\/\/parcavs.com\/index.php\/wp-json\/wp\/v2\/product_brand?post=6872"},{"taxonomy":"product_cat","embeddable":true,"href":"https:\/\/parcavs.com\/index.php\/wp-json\/wp\/v2\/product_cat?post=6872"},{"taxonomy":"product_tag","embeddable":true,"href":"https:\/\/parcavs.com\/index.php\/wp-json\/wp\/v2\/product_tag?post=6872"}],"curies":[{"name":"wp","href":"https:\/\/api.w.org\/{rel}","templated":true}]}}