{"id":8432,"date":"2024-02-09T17:16:06","date_gmt":"2024-02-09T15:16:06","guid":{"rendered":"https:\/\/parcavs.com\/?post_type=product&#038;p=8432"},"modified":"2025-05-27T00:00:07","modified_gmt":"2025-05-26T21:00:07","slug":"orjinal-tata-telcoline-4x4-devir-gosterge-saati-siyah-265354200105","status":"publish","type":"product","link":"https:\/\/parcavs.com\/index.php\/product\/orjinal-tata-telcoline-4x4-devir-gosterge-saati-siyah-265354200105\/","title":{"rendered":"Orjinal Tata Telcoline 4X4 Devir G\u00f6sterge Saati Siyah 265354200105"},"content":{"rendered":"<p>265354200105 Orjinal Tata Telcoline 4X4 Devir G\u00f6sterge Saati Siyah<br \/>\nG\u00f6sterge Saati. Devir Tata<br \/>\n%100 Orjinal Tata Telcoline Yedek Par\u00e7a<br \/>\nFiyatlar\u0131m\u0131za KDV \u00fccreti dahildir<br \/>\nAd\u0131n\u0131za fatural\u0131 olarak g\u00f6nderilecektir.<br \/>\nKargo ta\u015f\u0131ma \u00fccreti al\u0131c\u0131ya aittir.<br \/>\nAnla\u015fmal\u0131 oldu\u011fumuz kargo firmas\u0131 arac\u0131l\u0131\u011f\u0131yla<br \/>\n\u00dccret al\u0131c\u0131 olarak taraf\u0131n\u0131za g\u00f6nderilecektir.<\/p>\n<hr \/>\n<p><strong>TATA \u00a0Markas\u0131 Hakk\u0131nda<\/strong><\/p>\n<p>TATA markas\u0131 otomobil \u00fcretim \u015firketi olarak 1945 y\u0131l\u0131nda Naval Tata taraf\u0131ndan Hindistan\u2019da\u00a0 kurulmu\u015ftur. Binek otomobil, kamyon, minib\u00fcs, kamyonet, otob\u00fcs, spor arabalar, in\u015faat ara\u00e7lar\u0131 ve askeri ara\u00e7lar \u00fcretmektedir.<\/p>\n<p>1954-1969 y\u0131llar\u0131 aras\u0131nda Alman Daimler-Benz ile ortakl\u0131k yapm\u0131\u015ft\u0131r. 2004 y\u0131l\u0131nda G\u00fcney Kore\u2019nin \u00fcnl\u00fc otomotiv \u015firketi Daewooa\u2019nun a\u011f\u0131r vas\u0131ta b\u00f6l\u00fcm\u00fcn\u00fc, 2008 y\u0131l\u0131nda da Land Rover ve Jaguar markalar\u0131n\u0131 b\u00fcnyesine katm\u0131\u015ft\u0131r.<\/p>\n<p>Banglade\u015f, G\u00fcney Afrika Cumhuriyeti, Kenya, Malezya ve M\u0131s\u0131r\u2019da fabrikalar\u0131 bulunur. D\u00fcnyan\u0131n en ucuz otomobili TATA Nano\u2019yu \u00fcretmeyi ba\u015farm\u0131\u015ft\u0131r.<\/p>\n<p>TATA \u015firketler grubu otomotiv sekt\u00f6r\u00fc yan\u0131nda di\u011fer bir\u00e7ok sekt\u00f6rde de faaliyet g\u00f6steren dev bir holding haline gelmi\u015ftir. Demir \u00e7elikten g\u0131da maddelerine, havayolu ta\u015f\u0131mac\u0131l\u0131\u011f\u0131ndan in\u015faat sekt\u00f6r\u00fcne kadar bir\u00e7ok \u00fcr\u00fcn\u00fcn \u00fcretimini b\u00fcnyesinde y\u00fcr\u00fctmektedir.<\/p>\n<p><strong>TATA T\u00fcrkiye Hakk\u0131nda<\/strong><\/p>\n<p>TATA Motors, T\u00fcrkiye distrib\u00fct\u00f6rl\u00fc\u011f\u00fcn\u00fc \u0130sotlar Grup taraf\u0131nda yap\u0131lmaktad\u0131r.<\/p>\n<p>2000\u2019li y\u0131llar\u0131n ba\u015flar\u0131nda binek ve \u00f6zellikle pick-up ara\u00e7lar\u0131na g\u00f6sterilen yo\u011fun ilgi nedeniyle markan\u0131n T\u00fcrkiye genelinde sat\u0131\u015f ve servis a\u011f\u0131 kurulmu\u015ftur. TATA markas\u0131 T\u00fcrkiye\u2019deki m\u00fc\u015fterilerine sat\u0131\u015f sonras\u0131nda da etkin hizmet sa\u011flamak amac\u0131yla, \u00fclke genelinde Yol Yard\u0131m hizmeti vermektedir. Bu hizmetler, TATA marka ara\u00e7 sahiplerine ara\u00e7 \u00e7ekilmesinden konaklama ve muadil ara\u00e7 sa\u011flanmaya kadar geni\u015f bir yelpazede hizmetler sunulmu\u015ftur.<\/p>\n<p><strong>Par\u00e7a Vesaire Hakk\u0131nda<\/strong><\/p>\n<p>Ba\u015fta IVECO, MAN, TATA, Mitsubishi, Subaru, HFK Kanuni, Karsan gibi markalar\u0131n orjinal ve yan sanayi par\u00e7alar\u0131n\u0131n ve \u0130klimsa klimalar\u0131n\u0131n T\u00fcrkiye genelinde online sat\u0131\u015f\u0131n\u0131n yap\u0131ld\u0131\u011f\u0131 bir al\u0131\u015fveri\u015f sitesi olarak 2021 y\u0131l\u0131nda faaliyetine ba\u015flam\u0131\u015ft\u0131r.<\/p>\n<p>\u0130lerleyen d\u00f6nemlerde di\u011fer otomotiv markalar\u0131n\u0131 ve otomotiv d\u0131\u015f\u0131 yedek par\u00e7a, makine,\u00a0ikince el sanayi \u00fcr\u00fcnleri ve servis aparatlar\u0131n\u0131 da ihtiva edecek \u015fekilde yap\u0131lanmay\u0131 hedeflemektedir. \u00d6nerileriniz ve i\u015fbirli\u011fi talepleriniz i\u00e7in bizimle irtibat kurabilirsiniz.<\/p>\n","protected":false},"excerpt":{"rendered":"<p><strong>265354200105<\/strong> Orjinal <strong>Tata<\/strong> Telcoline 4X4<strong> Devir G\u00f6sterge Saati Siyah<\/strong><br \/>\n<strong>G\u00f6sterge Saati. Devir<\/strong> Tata<br \/>\n%100 <strong>Orjinal<\/strong> Tata <strong>Telcoline<\/strong><br \/>\nFiyatlar\u0131m\u0131za <strong>KDV<\/strong> \u00fccreti dahildir<br \/>\nAd\u0131n\u0131za <strong>fatural\u0131<\/strong> olarak g\u00f6nderilecektir.<br \/>\n<strong>Kargo<\/strong> ta\u015f\u0131ma \u00fccreti <strong>al\u0131c\u0131ya<\/strong> aittir.<\/p>\n","protected":false},"featured_media":29146,"comment_status":"open","ping_status":"closed","template":"","meta":{"_monsterinsights_skip_tracking":false,"_monsterinsights_sitenote_active":false,"_monsterinsights_sitenote_note":"","_monsterinsights_sitenote_category":0},"product_brand":[],"product_cat":[44],"product_tag":[8804,8802,8803,874,875,1318],"class_list":{"0":"post-8432","1":"product","2":"type-product","3":"status-publish","4":"has-post-thumbnail","6":"product_cat-tata-yedek-parca","7":"product_tag-8804","8":"product_tag-devir-gosterge-saati-siyah","9":"product_tag-gosterge-saati-devir","10":"product_tag-tata","11":"product_tag-telcoline","12":"product_tag-telcoline-4x4","14":"first","15":"instock","16":"taxable","17":"shipping-taxable","18":"purchasable","19":"product-type-simple"},"_links":{"self":[{"href":"https:\/\/parcavs.com\/index.php\/wp-json\/wp\/v2\/product\/8432","targetHints":{"allow":["GET"]}}],"collection":[{"href":"https:\/\/parcavs.com\/index.php\/wp-json\/wp\/v2\/product"}],"about":[{"href":"https:\/\/parcavs.com\/index.php\/wp-json\/wp\/v2\/types\/product"}],"replies":[{"embeddable":true,"href":"https:\/\/parcavs.com\/index.php\/wp-json\/wp\/v2\/comments?post=8432"}],"version-history":[{"count":3,"href":"https:\/\/parcavs.com\/index.php\/wp-json\/wp\/v2\/product\/8432\/revisions"}],"predecessor-version":[{"id":37421,"href":"https:\/\/parcavs.com\/index.php\/wp-json\/wp\/v2\/product\/8432\/revisions\/37421"}],"wp:featuredmedia":[{"embeddable":true,"href":"https:\/\/parcavs.com\/index.php\/wp-json\/wp\/v2\/media\/29146"}],"wp:attachment":[{"href":"https:\/\/parcavs.com\/index.php\/wp-json\/wp\/v2\/media?parent=8432"}],"wp:term":[{"taxonomy":"product_brand","embeddable":true,"href":"https:\/\/parcavs.com\/index.php\/wp-json\/wp\/v2\/product_brand?post=8432"},{"taxonomy":"product_cat","embeddable":true,"href":"https:\/\/parcavs.com\/index.php\/wp-json\/wp\/v2\/product_cat?post=8432"},{"taxonomy":"product_tag","embeddable":true,"href":"https:\/\/parcavs.com\/index.php\/wp-json\/wp\/v2\/product_tag?post=8432"}],"curies":[{"name":"wp","href":"https:\/\/api.w.org\/{rel}","templated":true}]}}