{"id":9591,"date":"2024-03-05T17:00:06","date_gmt":"2024-03-05T15:00:06","guid":{"rendered":"https:\/\/parcavs.com\/?post_type=product&#038;p=9591"},"modified":"2024-09-06T00:00:16","modified_gmt":"2024-09-05T21:00:16","slug":"orjinal-tata-telcoline-sarj-dinamosu-gergi-ayagi-254715140127","status":"publish","type":"product","link":"https:\/\/parcavs.com\/index.php\/product\/orjinal-tata-telcoline-sarj-dinamosu-gergi-ayagi-254715140127\/","title":{"rendered":"Orjinal TATA Telcoline \u015earj Dinamosu Gergi Aya\u011f\u0131 (254715140127)"},"content":{"rendered":"<p>254715140127- Orjinal TATA Telcoline \u015earj Dinamosu Gergi Aya\u011f\u0131<br \/>\nAyak, Gergi TATA Telcoline<br \/>\n%100 Orjinal TATA Telcoline \u015earj Dinamosu Gergi Aya\u011f\u0131<br \/>\nFiyatlar\u0131m\u0131za KDV \u00fccreti dahildir.<br \/>\nAd\u0131n\u0131za fatural\u0131 olarak g\u00f6nderilecektir.<br \/>\nKargo ta\u015f\u0131ma \u00fccreti al\u0131c\u0131ya aittir.<br \/>\nAnla\u015fmal\u0131 oldu\u011fumuz kargo firmas\u0131 arac\u0131l\u0131\u011f\u0131yla<br \/>\n\u00dccret al\u0131c\u0131 olarak taraf\u0131n\u0131za g\u00f6nderilecektir.<\/p>\n","protected":false},"excerpt":{"rendered":"<p>254715140127- Orjinal TATA Telcoline \u015earj Dinamosu Gergi Aya\u011f\u0131<br \/>\nAyak, Gergi TATA Telcoline<br \/>\n%100 Orjinal TATA Telcoline \u015earj Dinamosu Gergi Aya\u011f\u0131<br \/>\nFiyatlar\u0131m\u0131za KDV \u00fccreti dahildir.<br \/>\nAd\u0131n\u0131za fatural\u0131 olarak g\u00f6nderilecektir.<br \/>\nKargo ta\u015f\u0131ma \u00fccreti al\u0131c\u0131ya aittir.<br \/>\nAnla\u015fmal\u0131 oldu\u011fumuz kargo firmas\u0131 arac\u0131l\u0131\u011f\u0131yla<br \/>\n\u00dccret al\u0131c\u0131 olarak taraf\u0131n\u0131za g\u00f6nderilecektir.<\/p>\n<p>&nbsp;<\/p>\n","protected":false},"featured_media":30937,"comment_status":"open","ping_status":"closed","template":"","meta":{"_monsterinsights_skip_tracking":false,"_monsterinsights_sitenote_active":false,"_monsterinsights_sitenote_note":"","_monsterinsights_sitenote_category":0},"product_brand":[],"product_cat":[44],"product_tag":[10322,10321,874,875],"class_list":{"0":"post-9591","1":"product","2":"type-product","3":"status-publish","4":"has-post-thumbnail","6":"product_cat-tata-yedek-parca","7":"product_tag-10322","8":"product_tag-sarj-dinamosu-gergi-ayagi","9":"product_tag-tata","10":"product_tag-telcoline","12":"first","13":"instock","14":"taxable","15":"shipping-taxable","16":"purchasable","17":"product-type-simple"},"_links":{"self":[{"href":"https:\/\/parcavs.com\/index.php\/wp-json\/wp\/v2\/product\/9591","targetHints":{"allow":["GET"]}}],"collection":[{"href":"https:\/\/parcavs.com\/index.php\/wp-json\/wp\/v2\/product"}],"about":[{"href":"https:\/\/parcavs.com\/index.php\/wp-json\/wp\/v2\/types\/product"}],"replies":[{"embeddable":true,"href":"https:\/\/parcavs.com\/index.php\/wp-json\/wp\/v2\/comments?post=9591"}],"version-history":[{"count":1,"href":"https:\/\/parcavs.com\/index.php\/wp-json\/wp\/v2\/product\/9591\/revisions"}],"predecessor-version":[{"id":9592,"href":"https:\/\/parcavs.com\/index.php\/wp-json\/wp\/v2\/product\/9591\/revisions\/9592"}],"wp:featuredmedia":[{"embeddable":true,"href":"https:\/\/parcavs.com\/index.php\/wp-json\/wp\/v2\/media\/30937"}],"wp:attachment":[{"href":"https:\/\/parcavs.com\/index.php\/wp-json\/wp\/v2\/media?parent=9591"}],"wp:term":[{"taxonomy":"product_brand","embeddable":true,"href":"https:\/\/parcavs.com\/index.php\/wp-json\/wp\/v2\/product_brand?post=9591"},{"taxonomy":"product_cat","embeddable":true,"href":"https:\/\/parcavs.com\/index.php\/wp-json\/wp\/v2\/product_cat?post=9591"},{"taxonomy":"product_tag","embeddable":true,"href":"https:\/\/parcavs.com\/index.php\/wp-json\/wp\/v2\/product_tag?post=9591"}],"curies":[{"name":"wp","href":"https:\/\/api.w.org\/{rel}","templated":true}]}}